{"id":1635,"date":"2025-02-24T11:01:44","date_gmt":"2025-02-24T16:02:27","guid":{"rendered":"https:\/\/www.distrocan.ca\/?post_type=product&#038;p=1635"},"modified":"2025-03-08T17:52:46","modified_gmt":"2025-03-08T22:52:46","slug":"plateau-profond-en-plastique-2l-2","status":"publish","type":"product","link":"https:\/\/www.distrocan.ca\/fr\/produit\/plateau-profond-en-plastique-2l-2\/","title":{"rendered":"Plateau Profond en Plastique &#8211; 2L"},"content":{"rendered":"<ul class=\"ul1\">\n<li class=\"li1\">Solide et tr\u00e8s durable : Con\u00e7u pour durer<\/li>\n<li class=\"li1\">Fabriqu\u00e9 en plastique r\u00e9sistant : Mat\u00e9riau de qualit\u00e9 sup\u00e9rieure<\/li>\n<li class=\"li1\">Capacit\u00e9 de 2L : Id\u00e9al pour contenir jusqu&#8217;\u00e0 2L de peinture<\/li>\n<\/ul>\n","protected":false},"excerpt":{"rendered":"","protected":false},"featured_media":1634,"template":"","meta":[],"product_brand":[],"product_cat":[195,188,170,191,65],"product_tag":[],"class_list":{"0":"post-1635","1":"product","2":"type-product","3":"status-publish","4":"has-post-thumbnail","6":"product_cat-accessoires-anti-humidite","7":"product_cat-accessoires-membranes-detancheite","8":"product_cat-membranes-detancheite","9":"product_cat-produits-anti-humidite","10":"product_cat-tous","11":"no-featured-image-padding","13":"first","14":"instock","15":"shipping-taxable","16":"product-type-simple"},"_links":{"self":[{"href":"https:\/\/www.distrocan.ca\/fr\/wp-json\/wp\/v2\/product\/1635","targetHints":{"allow":["GET"]}}],"collection":[{"href":"https:\/\/www.distrocan.ca\/fr\/wp-json\/wp\/v2\/product"}],"about":[{"href":"https:\/\/www.distrocan.ca\/fr\/wp-json\/wp\/v2\/types\/product"}],"wp:featuredmedia":[{"embeddable":true,"href":"https:\/\/www.distrocan.ca\/fr\/wp-json\/wp\/v2\/media\/1634"}],"wp:attachment":[{"href":"https:\/\/www.distrocan.ca\/fr\/wp-json\/wp\/v2\/media?parent=1635"}],"wp:term":[{"taxonomy":"product_brand","embeddable":true,"href":"https:\/\/www.distrocan.ca\/fr\/wp-json\/wp\/v2\/product_brand?post=1635"},{"taxonomy":"product_cat","embeddable":true,"href":"https:\/\/www.distrocan.ca\/fr\/wp-json\/wp\/v2\/product_cat?post=1635"},{"taxonomy":"product_tag","embeddable":true,"href":"https:\/\/www.distrocan.ca\/fr\/wp-json\/wp\/v2\/product_tag?post=1635"}],"curies":[{"name":"wp","href":"https:\/\/api.w.org\/{rel}","templated":true}]}}