{"id":1631,"date":"2025-02-24T10:55:28","date_gmt":"2025-02-24T15:55:55","guid":{"rendered":"https:\/\/www.distrocan.ca\/?post_type=product&#038;p=1631"},"modified":"2026-03-10T15:35:55","modified_gmt":"2026-03-10T19:35:55","slug":"brosse-en-fibre-tampico-blanche-13-x-1-x-3-3","status":"publish","type":"product","link":"https:\/\/www.distrocan.ca\/fr\/produit\/brosse-en-fibre-tampico-blanche-13-x-1-x-3-3\/","title":{"rendered":"Brosse en fibre tampico &#8211; 13&#8243; x 6.75\u2033 x 2\u2033"},"content":{"rendered":"<p><strong>Brosse en fibres naturelles Tampico<\/strong><br \/>\nUne brosse durable en fibres naturelles Tampico, rigides mais flexibles. Id\u00e9ale pour le r\u00e9curage, le nettoyage et l\u2019application de rev\u00eatements, elle retient bien les liquides, r\u00e9siste \u00e0 la chaleur et conserve sa forme m\u00eame lors d\u2019un usage intensif.<\/p>\n<ul>\n<li>13&#8243; x 6,75&#8243; x 2&#8243;<\/li>\n<\/ul>\n","protected":false},"excerpt":{"rendered":"","protected":false},"featured_media":2087,"template":"","meta":[],"product_brand":[],"product_cat":[195,178,188,170,191,173,65],"product_tag":[],"class_list":{"0":"post-1631","1":"product","2":"type-product","3":"status-publish","4":"has-post-thumbnail","6":"product_cat-accessoires-anti-humidite","7":"product_cat-accessoires-cimentaires","8":"product_cat-accessoires-membranes-detancheite","9":"product_cat-membranes-detancheite","10":"product_cat-produits-anti-humidite","11":"product_cat-produits-cimentaires","12":"product_cat-tous","13":"no-featured-image-padding","15":"first","16":"instock","17":"shipping-taxable","18":"product-type-simple"},"_links":{"self":[{"href":"https:\/\/www.distrocan.ca\/fr\/wp-json\/wp\/v2\/product\/1631","targetHints":{"allow":["GET"]}}],"collection":[{"href":"https:\/\/www.distrocan.ca\/fr\/wp-json\/wp\/v2\/product"}],"about":[{"href":"https:\/\/www.distrocan.ca\/fr\/wp-json\/wp\/v2\/types\/product"}],"wp:featuredmedia":[{"embeddable":true,"href":"https:\/\/www.distrocan.ca\/fr\/wp-json\/wp\/v2\/media\/2087"}],"wp:attachment":[{"href":"https:\/\/www.distrocan.ca\/fr\/wp-json\/wp\/v2\/media?parent=1631"}],"wp:term":[{"taxonomy":"product_brand","embeddable":true,"href":"https:\/\/www.distrocan.ca\/fr\/wp-json\/wp\/v2\/product_brand?post=1631"},{"taxonomy":"product_cat","embeddable":true,"href":"https:\/\/www.distrocan.ca\/fr\/wp-json\/wp\/v2\/product_cat?post=1631"},{"taxonomy":"product_tag","embeddable":true,"href":"https:\/\/www.distrocan.ca\/fr\/wp-json\/wp\/v2\/product_tag?post=1631"}],"curies":[{"name":"wp","href":"https:\/\/api.w.org\/{rel}","templated":true}]}}