{"id":1624,"date":"2025-02-24T10:50:44","date_gmt":"2025-02-24T15:50:44","guid":{"rendered":"https:\/\/www.distrocan.ca\/?post_type=product&#038;p=1624"},"modified":"2026-03-31T14:54:56","modified_gmt":"2026-03-31T18:54:56","slug":"thiroco-t-60","status":"publish","type":"product","link":"https:\/\/www.distrocan.ca\/fr\/produit\/thiroco-t-60\/","title":{"rendered":"Thiroco T-60"},"content":{"rendered":"<p class=\"p1\">Le T60 est un enduit \u00e0 fondation de qualit\u00e9 professionnel. Ce produit permet une excellente imperm\u00e9abilisation des fondations de b\u00e9ton et de ma\u00e7onnerie. Sa consistance permet de bien enduire l\u2019ensemble de la surface incluant les irr\u00e9gularit\u00e9s. Son application est facile \u00e0 toutes temp\u00e9ratures.<\/p>\n<p class=\"p1\">Here\u2019s the rephrased version in French:<\/p>\n<ul class=\"ul1\">\n<li class=\"li1\">S\u00e9lection professionnelle pour des performances optimales<\/li>\n<li class=\"li1\">Garantie de 10 ans incluse<\/li>\n<li class=\"li1\">Prot\u00e8ge le b\u00e9ton et la ma\u00e7onnerie contre la d\u00e9t\u00e9rioration<\/li>\n<li class=\"li1\">Cr\u00e9e une barri\u00e8re imperm\u00e9able contre l&#8217;eau et l&#8217;humidit\u00e9<\/li>\n<li class=\"li1\">Application facile, efficace \u00e0 toutes les temp\u00e9ratures<\/li>\n<\/ul>\n<p><a href=\"https:\/\/www.distrocan.ca\/wp-content\/uploads\/2025\/02\/THIROCO-T-60-FICHE-TECHNIQUE-ET-DE-SECURITE_compressed.pdf\" target=\"_blank\" rel=\"noopener\">Fiche technique et de s\u00e9curit\u00e9<\/a><\/p>\n","protected":false},"excerpt":{"rendered":"","protected":false},"featured_media":1621,"template":"","meta":[],"product_brand":[],"product_cat":[191,193,65],"product_tag":[],"class_list":{"0":"post-1624","1":"product","2":"type-product","3":"status-publish","4":"has-post-thumbnail","6":"product_cat-produits-anti-humidite","7":"product_cat-scellants","8":"product_cat-tous","9":"no-featured-image-padding","11":"first","12":"instock","13":"shipping-taxable","14":"product-type-simple"},"_links":{"self":[{"href":"https:\/\/www.distrocan.ca\/fr\/wp-json\/wp\/v2\/product\/1624","targetHints":{"allow":["GET"]}}],"collection":[{"href":"https:\/\/www.distrocan.ca\/fr\/wp-json\/wp\/v2\/product"}],"about":[{"href":"https:\/\/www.distrocan.ca\/fr\/wp-json\/wp\/v2\/types\/product"}],"wp:featuredmedia":[{"embeddable":true,"href":"https:\/\/www.distrocan.ca\/fr\/wp-json\/wp\/v2\/media\/1621"}],"wp:attachment":[{"href":"https:\/\/www.distrocan.ca\/fr\/wp-json\/wp\/v2\/media?parent=1624"}],"wp:term":[{"taxonomy":"product_brand","embeddable":true,"href":"https:\/\/www.distrocan.ca\/fr\/wp-json\/wp\/v2\/product_brand?post=1624"},{"taxonomy":"product_cat","embeddable":true,"href":"https:\/\/www.distrocan.ca\/fr\/wp-json\/wp\/v2\/product_cat?post=1624"},{"taxonomy":"product_tag","embeddable":true,"href":"https:\/\/www.distrocan.ca\/fr\/wp-json\/wp\/v2\/product_tag?post=1624"}],"curies":[{"name":"wp","href":"https:\/\/api.w.org\/{rel}","templated":true}]}}