{"id":1618,"date":"2025-02-21T17:16:03","date_gmt":"2025-02-21T22:16:03","guid":{"rendered":"https:\/\/www.distrocan.ca\/?post_type=product&#038;p=1618"},"modified":"2025-02-21T17:16:32","modified_gmt":"2025-02-21T22:16:32","slug":"bakor-700-01","status":"publish","type":"product","link":"https:\/\/www.distrocan.ca\/fr\/produit\/bakor-700-01\/","title":{"rendered":"Bakor 700-01"},"content":{"rendered":"<p class=\"p1\">Henry\/Bakor 700-01 est une \u00e9mulsion d&#8217;\u00e9tanch\u00e9it\u00e9 et d&#8217;imperm\u00e9abilisation compos\u00e9e d&#8217;asphalte r\u00e9duit sous vide dispers\u00e9 dans un \u00e9mulsifiant de collo\u00efde min\u00e9ral. Il est inodore, non toxique et poss\u00e8de une consistance \u00e9paisse id\u00e9ale pour le pinceau, offrant une excellente adh\u00e9rence aussi bien sur des surfaces de construction humides que s\u00e8ches. Une fois durci, le rev\u00eatement forme une couche stable et ductile, imperm\u00e9able aux contacts prolong\u00e9s avec l&#8217;eau. Ce mat\u00e9riau respectueux de l&#8217;environnement ne contient ni amiante ni compos\u00e9s volatils.<\/p>\n<p class=\"p1\">Henry\/Bakor 700-01 est utilis\u00e9 comme compos\u00e9 d&#8217;imperm\u00e9abilisation dans les syst\u00e8mes de membranes pour contr\u00f4ler la pression hydrostatique ou peut \u00eatre appliqu\u00e9 comme un simple rev\u00eatement pour l&#8217;\u00e9tanch\u00e9it\u00e9 des b\u00e9tons et ma\u00e7onneries. Il est id\u00e9al pour les formes en b\u00e9ton isol\u00e9 (ICF), les fondations en bois pr\u00e9serv\u00e9 (PWF), les murs de fondation, les semelles, les planchers en dalle divis\u00e9e, les murs de sout\u00e8nement et les murs de rive.<\/p>\n","protected":false},"excerpt":{"rendered":"","protected":false},"featured_media":1613,"template":"","meta":[],"product_brand":[],"product_cat":[191,193,65],"product_tag":[],"class_list":{"0":"post-1618","1":"product","2":"type-product","3":"status-publish","4":"has-post-thumbnail","6":"product_cat-produits-anti-humidite","7":"product_cat-scellants","8":"product_cat-tous","9":"no-featured-image-padding","11":"first","12":"instock","13":"shipping-taxable","14":"product-type-simple"},"_links":{"self":[{"href":"https:\/\/www.distrocan.ca\/fr\/wp-json\/wp\/v2\/product\/1618","targetHints":{"allow":["GET"]}}],"collection":[{"href":"https:\/\/www.distrocan.ca\/fr\/wp-json\/wp\/v2\/product"}],"about":[{"href":"https:\/\/www.distrocan.ca\/fr\/wp-json\/wp\/v2\/types\/product"}],"wp:featuredmedia":[{"embeddable":true,"href":"https:\/\/www.distrocan.ca\/fr\/wp-json\/wp\/v2\/media\/1613"}],"wp:attachment":[{"href":"https:\/\/www.distrocan.ca\/fr\/wp-json\/wp\/v2\/media?parent=1618"}],"wp:term":[{"taxonomy":"product_brand","embeddable":true,"href":"https:\/\/www.distrocan.ca\/fr\/wp-json\/wp\/v2\/product_brand?post=1618"},{"taxonomy":"product_cat","embeddable":true,"href":"https:\/\/www.distrocan.ca\/fr\/wp-json\/wp\/v2\/product_cat?post=1618"},{"taxonomy":"product_tag","embeddable":true,"href":"https:\/\/www.distrocan.ca\/fr\/wp-json\/wp\/v2\/product_tag?post=1618"}],"curies":[{"name":"wp","href":"https:\/\/api.w.org\/{rel}","templated":true}]}}