{"id":1591,"date":"2025-02-21T16:49:39","date_gmt":"2025-02-21T21:49:39","guid":{"rendered":"https:\/\/www.distrocan.ca\/?post_type=product&#038;p=1591"},"modified":"2026-03-20T16:12:46","modified_gmt":"2026-03-20T20:12:46","slug":"henry-cm100","status":"publish","type":"product","link":"https:\/\/www.distrocan.ca\/fr\/produit\/henry-cm100\/","title":{"rendered":"Henry CM100"},"content":{"rendered":"<p class=\"p1\">Henry CM100 est une membrane d&#8217;\u00e9tanch\u00e9it\u00e9 et de toiture \u00e9lastom\u00e8re \u00e0 s\u00e9chage rapide, \u00e0 un composant, sans solvant et durcissant par l&#8217;humidit\u00e9. Elle constitue un excellent choix pour les toitures v\u00e9g\u00e9talis\u00e9es. Cette membrane offre une alternative appliqu\u00e9e \u00e0 froid aux syst\u00e8mes de membranes caoutchout\u00e9es appliqu\u00e9es \u00e0 chaud, rempla\u00e7ant les syst\u00e8mes conventionnels de mastic chaud, de feutre et\/ou de feuilles pr\u00e9form\u00e9es. Henry CM100 peut \u00eatre appliqu\u00e9 sous forme d&#8217;un syst\u00e8me \u00e0 deux couches \u00e0 fort build ou d&#8217;une application \u00e0 une seule couche, durcissant par r\u00e9action avec l&#8217;humidit\u00e9 ambiante pour former une membrane durable, sans joint, de type caoutchouc et imperm\u00e9able.<\/p>\n<p class=\"p1\">Henry CM100 peut \u00eatre utilis\u00e9 comme membrane d&#8217;\u00e9tanch\u00e9it\u00e9 et de toiture sur des surfaces horizontales ou verticales. Cette technologie appliqu\u00e9e \u00e0 froid est une alternative id\u00e9ale aux applications de membranes caoutchout\u00e9es \u00e0 chaud pour les terrasses podium, les terrasses de plazas, les balcons, les tunnels, les murs de fondation, les jardini\u00e8res, les toitures v\u00e9g\u00e9talis\u00e9es et les assemblages de membranes prot\u00e9g\u00e9es.<\/p>\n<p><a href=\"https:\/\/www.distrocan.ca\/wp-content\/uploads\/2026\/03\/HENRY-CM100-FT-FR.pdf\" target=\"_blank\" rel=\"noopener\">Fiche technique<\/a><\/p>\n","protected":false},"excerpt":{"rendered":"","protected":false},"featured_media":1590,"template":"","meta":[],"product_brand":[],"product_cat":[182,170,65],"product_tag":[],"class_list":{"0":"post-1591","1":"product","2":"type-product","3":"status-publish","4":"has-post-thumbnail","6":"product_cat-a-base-durethane","7":"product_cat-membranes-detancheite","8":"product_cat-tous","9":"no-featured-image-padding","11":"first","12":"instock","13":"shipping-taxable","14":"product-type-simple"},"_links":{"self":[{"href":"https:\/\/www.distrocan.ca\/fr\/wp-json\/wp\/v2\/product\/1591","targetHints":{"allow":["GET"]}}],"collection":[{"href":"https:\/\/www.distrocan.ca\/fr\/wp-json\/wp\/v2\/product"}],"about":[{"href":"https:\/\/www.distrocan.ca\/fr\/wp-json\/wp\/v2\/types\/product"}],"wp:featuredmedia":[{"embeddable":true,"href":"https:\/\/www.distrocan.ca\/fr\/wp-json\/wp\/v2\/media\/1590"}],"wp:attachment":[{"href":"https:\/\/www.distrocan.ca\/fr\/wp-json\/wp\/v2\/media?parent=1591"}],"wp:term":[{"taxonomy":"product_brand","embeddable":true,"href":"https:\/\/www.distrocan.ca\/fr\/wp-json\/wp\/v2\/product_brand?post=1591"},{"taxonomy":"product_cat","embeddable":true,"href":"https:\/\/www.distrocan.ca\/fr\/wp-json\/wp\/v2\/product_cat?post=1591"},{"taxonomy":"product_tag","embeddable":true,"href":"https:\/\/www.distrocan.ca\/fr\/wp-json\/wp\/v2\/product_tag?post=1591"}],"curies":[{"name":"wp","href":"https:\/\/api.w.org\/{rel}","templated":true}]}}