{"id":1587,"date":"2025-02-21T16:46:56","date_gmt":"2025-02-21T21:46:56","guid":{"rendered":"https:\/\/www.distrocan.ca\/?post_type=product&#038;p=1587"},"modified":"2026-03-31T14:39:22","modified_gmt":"2026-03-31T18:39:22","slug":"bakor-aqua-bloc-770-06","status":"publish","type":"product","link":"https:\/\/www.distrocan.ca\/fr\/produit\/bakor-aqua-bloc-770-06\/","title":{"rendered":"Bakor Aqua-Bloc 770-06"},"content":{"rendered":"<p class=\"p1\">Aqua-Bloc 770-06 Membrane Liquide \u00c9lastom\u00e8re est une membrane d&#8217;imperm\u00e9abilisation \u00e9lastom\u00e8re \u00e0 un composant. Elle s&#8217;applique en une ou plusieurs couches et durcit par \u00e9vaporation du solvant pour former une membrane durable, sans joints, de type caoutchouc et imperm\u00e9able. Aqua-Bloc 770-06 peut \u00eatre appliqu\u00e9e \u00e0 la truelle ou par pulv\u00e9risation.<\/p>\n<p><a href=\"https:\/\/www.distrocan.ca\/wp-content\/uploads\/2026\/03\/770-06-FT-FR.pdf\" target=\"_blank\" rel=\"noopener\">Fiche technique<\/a><\/p>\n","protected":false},"excerpt":{"rendered":"","protected":false},"featured_media":1586,"template":"","meta":[],"product_brand":[],"product_cat":[180,170,65],"product_tag":[],"class_list":{"0":"post-1587","1":"product","2":"type-product","3":"status-publish","4":"has-post-thumbnail","6":"product_cat-a-base-de-solvent","7":"product_cat-membranes-detancheite","8":"product_cat-tous","9":"no-featured-image-padding","11":"first","12":"instock","13":"shipping-taxable","14":"product-type-simple"},"_links":{"self":[{"href":"https:\/\/www.distrocan.ca\/fr\/wp-json\/wp\/v2\/product\/1587","targetHints":{"allow":["GET"]}}],"collection":[{"href":"https:\/\/www.distrocan.ca\/fr\/wp-json\/wp\/v2\/product"}],"about":[{"href":"https:\/\/www.distrocan.ca\/fr\/wp-json\/wp\/v2\/types\/product"}],"wp:featuredmedia":[{"embeddable":true,"href":"https:\/\/www.distrocan.ca\/fr\/wp-json\/wp\/v2\/media\/1586"}],"wp:attachment":[{"href":"https:\/\/www.distrocan.ca\/fr\/wp-json\/wp\/v2\/media?parent=1587"}],"wp:term":[{"taxonomy":"product_brand","embeddable":true,"href":"https:\/\/www.distrocan.ca\/fr\/wp-json\/wp\/v2\/product_brand?post=1587"},{"taxonomy":"product_cat","embeddable":true,"href":"https:\/\/www.distrocan.ca\/fr\/wp-json\/wp\/v2\/product_cat?post=1587"},{"taxonomy":"product_tag","embeddable":true,"href":"https:\/\/www.distrocan.ca\/fr\/wp-json\/wp\/v2\/product_tag?post=1587"}],"curies":[{"name":"wp","href":"https:\/\/api.w.org\/{rel}","templated":true}]}}