{"id":1583,"date":"2025-02-21T16:45:48","date_gmt":"2025-02-21T21:45:48","guid":{"rendered":"https:\/\/www.distrocan.ca\/?post_type=product&#038;p=1583"},"modified":"2026-03-31T14:43:35","modified_gmt":"2026-03-31T18:43:35","slug":"bakor-aqua-bloc-720-38","status":"publish","type":"product","link":"https:\/\/www.distrocan.ca\/fr\/produit\/bakor-aqua-bloc-720-38\/","title":{"rendered":"Bakor Aqua-Bloc 720-38"},"content":{"rendered":"<p class=\"p1\">Aqua-Bloc 720-38 Emulsion Asphalte \u00c9lastom\u00e8re pour l\u2019Imperm\u00e9abilisation est une membrane asphalte \u00e9lastom\u00e8re appliqu\u00e9e sous forme liquide. Elle est sp\u00e9cialement con\u00e7ue pour l\u2019imperm\u00e9abilisation des murs de fondation et d\u2019autres structures en dessous du niveau du sol.<\/p>\n<p><a href=\"https:\/\/www.distrocan.ca\/wp-content\/uploads\/2026\/03\/HENRY-720-38-FDS-FR.pdf\" target=\"_blank\" rel=\"noopener\">Fiche de donn\u00e9es de s\u00e9curit\u00e9<\/a><br \/>\n<a href=\"https:\/\/www.distrocan.ca\/wp-content\/uploads\/2026\/03\/720-38-FT-FR.pdf\" target=\"_blank\" rel=\"noopener\">Fiche technique<\/a><\/p>\n","protected":false},"excerpt":{"rendered":"","protected":false},"featured_media":1578,"template":"","meta":[],"product_brand":[],"product_cat":[171,170,65],"product_tag":[],"class_list":{"0":"post-1583","1":"product","2":"type-product","3":"status-publish","4":"has-post-thumbnail","6":"product_cat-a-base-deau","7":"product_cat-membranes-detancheite","8":"product_cat-tous","9":"no-featured-image-padding","11":"first","12":"instock","13":"shipping-taxable","14":"product-type-simple"},"_links":{"self":[{"href":"https:\/\/www.distrocan.ca\/fr\/wp-json\/wp\/v2\/product\/1583","targetHints":{"allow":["GET"]}}],"collection":[{"href":"https:\/\/www.distrocan.ca\/fr\/wp-json\/wp\/v2\/product"}],"about":[{"href":"https:\/\/www.distrocan.ca\/fr\/wp-json\/wp\/v2\/types\/product"}],"wp:featuredmedia":[{"embeddable":true,"href":"https:\/\/www.distrocan.ca\/fr\/wp-json\/wp\/v2\/media\/1578"}],"wp:attachment":[{"href":"https:\/\/www.distrocan.ca\/fr\/wp-json\/wp\/v2\/media?parent=1583"}],"wp:term":[{"taxonomy":"product_brand","embeddable":true,"href":"https:\/\/www.distrocan.ca\/fr\/wp-json\/wp\/v2\/product_brand?post=1583"},{"taxonomy":"product_cat","embeddable":true,"href":"https:\/\/www.distrocan.ca\/fr\/wp-json\/wp\/v2\/product_cat?post=1583"},{"taxonomy":"product_tag","embeddable":true,"href":"https:\/\/www.distrocan.ca\/fr\/wp-json\/wp\/v2\/product_tag?post=1583"}],"curies":[{"name":"wp","href":"https:\/\/api.w.org\/{rel}","templated":true}]}}