{"id":1575,"date":"2025-02-21T16:42:25","date_gmt":"2025-02-21T21:42:25","guid":{"rendered":"https:\/\/www.distrocan.ca\/?post_type=product&#038;p=1575"},"modified":"2026-03-31T14:53:27","modified_gmt":"2026-03-31T18:53:27","slug":"thiroco-t20-ciment-plastique","status":"publish","type":"product","link":"https:\/\/www.distrocan.ca\/fr\/produit\/thiroco-t20-ciment-plastique\/","title":{"rendered":"Thiroco T20"},"content":{"rendered":"<p class=\"p1\">Le T20 est un ciment plastique multi-usages de s\u00e9lection professionnelle. Compos\u00e9 de mati\u00e8res de premi\u00e8re qualit\u00e9, il sert notamment \u00e0 coller les bardeaux d\u2019asphalte, \u00e0 colmater les fissures et les trous sur les fondations et sur les toits d\u2019asphalte. Il permet \u00e9galement d\u2019\u00e9tanch\u00e9iser les solins de chemin\u00e9es, d\u2019\u00e9vents et de bardeaux. Ce produit est durable et r\u00e9sistant.<\/p>\n<ul class=\"ul1\">\n<li class=\"li1\">S\u00e9lection professionnelle pour diverses applications<\/li>\n<li class=\"li1\">Garantie de 10 ans incluse<\/li>\n<li class=\"li1\">Polyvalent et multifonctionnel<\/li>\n<li class=\"li1\">R\u00e9sultat robuste, imperm\u00e9able et flexible<\/li>\n<li class=\"li1\">Adh\u00e9sion excellente sur surfaces s\u00e8ches et humides<\/li>\n<li class=\"li1\">R\u00e9sistance parfaite aux variations de temp\u00e9rature<\/li>\n<\/ul>\n<p><a href=\"https:\/\/www.distrocan.ca\/wp-content\/uploads\/2025\/02\/THIROCO-T-20-TECHINCAL-SAFETY-DATA-SHEET_compressed.pdf\" target=\"_blank\" rel=\"noopener\">Fiche technique et de s\u00e9curit\u00e9<\/a><\/p>\n","protected":false},"excerpt":{"rendered":"","protected":false},"featured_media":1649,"template":"","meta":[],"product_brand":[],"product_cat":[188,195,170,191,65],"product_tag":[],"class_list":{"0":"post-1575","1":"product","2":"type-product","3":"status-publish","4":"has-post-thumbnail","6":"product_cat-accessoires-membranes-detancheite","7":"product_cat-accessoires-anti-humidite","8":"product_cat-membranes-detancheite","9":"product_cat-produits-anti-humidite","10":"product_cat-tous","11":"no-featured-image-padding","13":"first","14":"instock","15":"shipping-taxable","16":"product-type-simple"},"_links":{"self":[{"href":"https:\/\/www.distrocan.ca\/fr\/wp-json\/wp\/v2\/product\/1575","targetHints":{"allow":["GET"]}}],"collection":[{"href":"https:\/\/www.distrocan.ca\/fr\/wp-json\/wp\/v2\/product"}],"about":[{"href":"https:\/\/www.distrocan.ca\/fr\/wp-json\/wp\/v2\/types\/product"}],"wp:featuredmedia":[{"embeddable":true,"href":"https:\/\/www.distrocan.ca\/fr\/wp-json\/wp\/v2\/media\/1649"}],"wp:attachment":[{"href":"https:\/\/www.distrocan.ca\/fr\/wp-json\/wp\/v2\/media?parent=1575"}],"wp:term":[{"taxonomy":"product_brand","embeddable":true,"href":"https:\/\/www.distrocan.ca\/fr\/wp-json\/wp\/v2\/product_brand?post=1575"},{"taxonomy":"product_cat","embeddable":true,"href":"https:\/\/www.distrocan.ca\/fr\/wp-json\/wp\/v2\/product_cat?post=1575"},{"taxonomy":"product_tag","embeddable":true,"href":"https:\/\/www.distrocan.ca\/fr\/wp-json\/wp\/v2\/product_tag?post=1575"}],"curies":[{"name":"wp","href":"https:\/\/api.w.org\/{rel}","templated":true}]}}