{"id":1569,"date":"2025-02-21T16:36:57","date_gmt":"2025-02-21T21:37:30","guid":{"rendered":"https:\/\/www.distrocan.ca\/?post_type=product&#038;p=1569"},"modified":"2025-02-21T16:37:30","modified_gmt":"2025-02-21T21:37:30","slug":"gant-de-decapage-industriel-x-large","status":"publish","type":"product","link":"https:\/\/www.distrocan.ca\/fr\/produit\/gant-de-decapage-industriel-x-large\/","title":{"rendered":"Gant de D\u00e9capage Industriel X-Large"},"content":{"rendered":"<ul class=\"ul1\">\n<li class=\"li1\">Poignet bien prot\u00e9g\u00e9 par un long manchon : Assure une couverture maximale<\/li>\n<li class=\"li1\">R\u00e9siste aux produits chimiques et \u00e0 la plupart des acides : Ultra-r\u00e9sistant pour les t\u00e2ches difficiles<\/li>\n<li class=\"li1\">Paume antid\u00e9rapante : Offre une meilleure prise<\/li>\n<li class=\"li1\">Ultra robuste : Con\u00e7u pour la force et la durabilit\u00e9<\/li>\n<li class=\"li1\">Qualit\u00e9 industrielle : Con\u00e7u pour un usage intensif<\/li>\n<li class=\"li1\">Durable et r\u00e9utilisable : Performances durables<\/li>\n<li class=\"li1\">Couche de n\u00e9opr\u00e8ne sur caoutchouc naturel : Offre une double protection<\/li>\n<li class=\"li1\">Doublure en coton : Apporte confort et respirabilit\u00e9<\/li>\n<\/ul>\n","protected":false},"excerpt":{"rendered":"","protected":false},"featured_media":1674,"template":"","meta":[],"product_brand":[],"product_cat":[188,170],"product_tag":[],"class_list":{"0":"post-1569","1":"product","2":"type-product","3":"status-publish","4":"has-post-thumbnail","6":"product_cat-accessoires-membranes-detancheite","7":"product_cat-membranes-detancheite","8":"no-featured-image-padding","10":"first","11":"instock","12":"shipping-taxable","13":"product-type-simple"},"_links":{"self":[{"href":"https:\/\/www.distrocan.ca\/fr\/wp-json\/wp\/v2\/product\/1569","targetHints":{"allow":["GET"]}}],"collection":[{"href":"https:\/\/www.distrocan.ca\/fr\/wp-json\/wp\/v2\/product"}],"about":[{"href":"https:\/\/www.distrocan.ca\/fr\/wp-json\/wp\/v2\/types\/product"}],"wp:featuredmedia":[{"embeddable":true,"href":"https:\/\/www.distrocan.ca\/fr\/wp-json\/wp\/v2\/media\/1674"}],"wp:attachment":[{"href":"https:\/\/www.distrocan.ca\/fr\/wp-json\/wp\/v2\/media?parent=1569"}],"wp:term":[{"taxonomy":"product_brand","embeddable":true,"href":"https:\/\/www.distrocan.ca\/fr\/wp-json\/wp\/v2\/product_brand?post=1569"},{"taxonomy":"product_cat","embeddable":true,"href":"https:\/\/www.distrocan.ca\/fr\/wp-json\/wp\/v2\/product_cat?post=1569"},{"taxonomy":"product_tag","embeddable":true,"href":"https:\/\/www.distrocan.ca\/fr\/wp-json\/wp\/v2\/product_tag?post=1569"}],"curies":[{"name":"wp","href":"https:\/\/api.w.org\/{rel}","templated":true}]}}