{"id":1559,"date":"2025-02-21T16:28:08","date_gmt":"2025-02-21T21:28:56","guid":{"rendered":"https:\/\/www.distrocan.ca\/?post_type=product&#038;p=1559"},"modified":"2025-02-21T16:28:56","modified_gmt":"2025-02-21T21:28:56","slug":"pistolet-a-mastic-robuste-pour-cartouches-de-300ml","status":"publish","type":"product","link":"https:\/\/www.distrocan.ca\/fr\/produit\/pistolet-a-mastic-robuste-pour-cartouches-de-300ml\/","title":{"rendered":"Pistolet \u00e0 Mastic Robuste pour Cartouches de 300ml"},"content":{"rendered":"<ul class=\"ul1\">\n<li class=\"li2\">Meilleure qualit\u00e9 : Fonctionne avec facilit\u00e9<\/li>\n<li class=\"li2\">Poign\u00e9e et g\u00e2chette ergonomiques : Confortables et faciles \u00e0 utiliser<\/li>\n<li class=\"li2\">Id\u00e9al pour une application<b> \u00e0 basse temp\u00e9rature<\/b> : Parfait pour travailler dans des conditions froides<\/li>\n<\/ul>\n","protected":false},"excerpt":{"rendered":"","protected":false},"featured_media":1769,"template":"","meta":[],"product_brand":[],"product_cat":[188,170,65],"product_tag":[],"class_list":{"0":"post-1559","1":"product","2":"type-product","3":"status-publish","4":"has-post-thumbnail","6":"product_cat-accessoires-membranes-detancheite","7":"product_cat-membranes-detancheite","8":"product_cat-tous","9":"no-featured-image-padding","11":"first","12":"instock","13":"shipping-taxable","14":"product-type-simple"},"_links":{"self":[{"href":"https:\/\/www.distrocan.ca\/fr\/wp-json\/wp\/v2\/product\/1559","targetHints":{"allow":["GET"]}}],"collection":[{"href":"https:\/\/www.distrocan.ca\/fr\/wp-json\/wp\/v2\/product"}],"about":[{"href":"https:\/\/www.distrocan.ca\/fr\/wp-json\/wp\/v2\/types\/product"}],"wp:featuredmedia":[{"embeddable":true,"href":"https:\/\/www.distrocan.ca\/fr\/wp-json\/wp\/v2\/media\/1769"}],"wp:attachment":[{"href":"https:\/\/www.distrocan.ca\/fr\/wp-json\/wp\/v2\/media?parent=1559"}],"wp:term":[{"taxonomy":"product_brand","embeddable":true,"href":"https:\/\/www.distrocan.ca\/fr\/wp-json\/wp\/v2\/product_brand?post=1559"},{"taxonomy":"product_cat","embeddable":true,"href":"https:\/\/www.distrocan.ca\/fr\/wp-json\/wp\/v2\/product_cat?post=1559"},{"taxonomy":"product_tag","embeddable":true,"href":"https:\/\/www.distrocan.ca\/fr\/wp-json\/wp\/v2\/product_tag?post=1559"}],"curies":[{"name":"wp","href":"https:\/\/api.w.org\/{rel}","templated":true}]}}