{"id":1541,"date":"2025-02-21T15:00:30","date_gmt":"2025-02-21T20:00:30","guid":{"rendered":"https:\/\/www.distrocan.ca\/?post_type=product&#038;p=1541"},"modified":"2026-03-31T14:41:33","modified_gmt":"2026-03-31T18:41:33","slug":"polybitume-570-05","status":"publish","type":"product","link":"https:\/\/www.distrocan.ca\/fr\/produit\/polybitume-570-05\/","title":{"rendered":"Polybitume 570-05"},"content":{"rendered":"<p class=\"p1\">D\u00e9passe les normes de performance des compos\u00e9s de mastic asphalte traditionnels et reste flexible avec le temps. Disponible en consistance pour pistolet ou \u00e0 la truelle.<\/p>\n<p class=\"p1\">Utilis\u00e9 comme mastic de joint d\u2019extr\u00e9mit\u00e9 et de scellement de solins avec des membranes auto-adh\u00e9rentes. Il sert \u00e9galement de mastic, de scellant ou de compos\u00e9 de lit pour la plupart des surfaces de construction, y compris le b\u00e9ton, la ma\u00e7onnerie, le bois, le m\u00e9tal, l&#8217;amiante-ciment et d&#8217;autres mat\u00e9riaux composites.<\/p>\n<ul class=\"ul1\">\n<li class=\"li1\">Joints de contr\u00f4le dans le b\u00e9ton<\/li>\n<li class=\"li1\">Remplissage de bo\u00eetes en plastique ou poches de goudron<\/li>\n<li class=\"li1\">Scellement des joints des panneaux m\u00e9talliques<\/li>\n<li class=\"li1\">Compos\u00e9 de lit pour les composants de toiture<\/li>\n<li class=\"li1\">Installations de barrages et hydrauliques<\/li>\n<li class=\"li1\">Installations portuaires<\/li>\n<\/ul>\n<p><a href=\"https:\/\/www.distrocan.ca\/wp-content\/uploads\/2026\/03\/HENRY-570-05-FT-FR.pdf\" target=\"_blank\" rel=\"noopener\">Fiche technique<\/a><\/p>\n","protected":false},"excerpt":{"rendered":"","protected":false},"featured_media":1536,"template":"","meta":[],"product_brand":[],"product_cat":[188,170,65],"product_tag":[],"class_list":{"0":"post-1541","1":"product","2":"type-product","3":"status-publish","4":"has-post-thumbnail","6":"product_cat-accessoires-membranes-detancheite","7":"product_cat-membranes-detancheite","8":"product_cat-tous","9":"no-featured-image-padding","11":"first","12":"instock","13":"shipping-taxable","14":"product-type-simple"},"_links":{"self":[{"href":"https:\/\/www.distrocan.ca\/fr\/wp-json\/wp\/v2\/product\/1541","targetHints":{"allow":["GET"]}}],"collection":[{"href":"https:\/\/www.distrocan.ca\/fr\/wp-json\/wp\/v2\/product"}],"about":[{"href":"https:\/\/www.distrocan.ca\/fr\/wp-json\/wp\/v2\/types\/product"}],"wp:featuredmedia":[{"embeddable":true,"href":"https:\/\/www.distrocan.ca\/fr\/wp-json\/wp\/v2\/media\/1536"}],"wp:attachment":[{"href":"https:\/\/www.distrocan.ca\/fr\/wp-json\/wp\/v2\/media?parent=1541"}],"wp:term":[{"taxonomy":"product_brand","embeddable":true,"href":"https:\/\/www.distrocan.ca\/fr\/wp-json\/wp\/v2\/product_brand?post=1541"},{"taxonomy":"product_cat","embeddable":true,"href":"https:\/\/www.distrocan.ca\/fr\/wp-json\/wp\/v2\/product_cat?post=1541"},{"taxonomy":"product_tag","embeddable":true,"href":"https:\/\/www.distrocan.ca\/fr\/wp-json\/wp\/v2\/product_tag?post=1541"}],"curies":[{"name":"wp","href":"https:\/\/api.w.org\/{rel}","templated":true}]}}