{"id":1531,"date":"2025-02-21T14:48:47","date_gmt":"2025-02-21T19:48:47","guid":{"rendered":"https:\/\/www.distrocan.ca\/?post_type=product&#038;p=1531"},"modified":"2026-03-31T14:50:40","modified_gmt":"2026-03-31T18:50:40","slug":"bakor-panneau-protection-polypropylene","status":"publish","type":"product","link":"https:\/\/www.distrocan.ca\/fr\/produit\/bakor-panneau-protection-polypropylene\/","title":{"rendered":"Bakor Panneau Protection Polypropyl\u00e8ne"},"content":{"rendered":"<p class=\"p1\">Le panneau de protection Bakor 990-31 est un panneau flexible \u00e0 double paroi, extrud\u00e9 en continu et fabriqu\u00e9 en copolym\u00e8re de polypropyl\u00e8ne. Il offre une protection efficace pour tous les types de membranes d&#8217;\u00e9tanch\u00e9it\u00e9. Le panneau 990-31 est utilis\u00e9 pour prot\u00e9ger les membranes d&#8217;\u00e9tanch\u00e9it\u00e9 contre les \u00e9ventuels dommages pendant le remblaiement, et il convient \u00e0 une large gamme d&#8217;applications telles que les murs de fondation, les terrasses sur toit, les terrasses, les jardini\u00e8res, les promenades, etc. Sa l\u00e9g\u00e8ret\u00e9 le rend particuli\u00e8rement adapt\u00e9 aux applications verticales.<\/p>\n<ul class=\"ul1\">\n<li class=\"li1\">Disponible en 4&#8242; x 3&#8242;<\/li>\n<\/ul>\n<p><a href=\"https:\/\/www.distrocan.ca\/wp-content\/uploads\/2026\/03\/HENRY-PP-PANNEAU-PROTECTION-990-31-FT-FR.pdf\" target=\"_blank\" rel=\"noopener\">Fiche technique<\/a><\/p>\n","protected":false},"excerpt":{"rendered":"","protected":false},"featured_media":2093,"template":"","meta":[],"product_brand":[],"product_cat":[188,170,65],"product_tag":[],"class_list":{"0":"post-1531","1":"product","2":"type-product","3":"status-publish","4":"has-post-thumbnail","6":"product_cat-accessoires-membranes-detancheite","7":"product_cat-membranes-detancheite","8":"product_cat-tous","9":"no-featured-image-padding","11":"first","12":"instock","13":"shipping-taxable","14":"product-type-simple"},"_links":{"self":[{"href":"https:\/\/www.distrocan.ca\/fr\/wp-json\/wp\/v2\/product\/1531","targetHints":{"allow":["GET"]}}],"collection":[{"href":"https:\/\/www.distrocan.ca\/fr\/wp-json\/wp\/v2\/product"}],"about":[{"href":"https:\/\/www.distrocan.ca\/fr\/wp-json\/wp\/v2\/types\/product"}],"wp:featuredmedia":[{"embeddable":true,"href":"https:\/\/www.distrocan.ca\/fr\/wp-json\/wp\/v2\/media\/2093"}],"wp:attachment":[{"href":"https:\/\/www.distrocan.ca\/fr\/wp-json\/wp\/v2\/media?parent=1531"}],"wp:term":[{"taxonomy":"product_brand","embeddable":true,"href":"https:\/\/www.distrocan.ca\/fr\/wp-json\/wp\/v2\/product_brand?post=1531"},{"taxonomy":"product_cat","embeddable":true,"href":"https:\/\/www.distrocan.ca\/fr\/wp-json\/wp\/v2\/product_cat?post=1531"},{"taxonomy":"product_tag","embeddable":true,"href":"https:\/\/www.distrocan.ca\/fr\/wp-json\/wp\/v2\/product_tag?post=1531"}],"curies":[{"name":"wp","href":"https:\/\/api.w.org\/{rel}","templated":true}]}}