{"id":1528,"date":"2025-02-21T14:45:47","date_gmt":"2025-02-21T19:46:43","guid":{"rendered":"https:\/\/www.distrocan.ca\/?post_type=product&#038;p=1528"},"modified":"2025-02-21T14:46:43","modified_gmt":"2025-02-21T19:46:43","slug":"bakor-yellow-jacket","status":"publish","type":"product","link":"https:\/\/www.distrocan.ca\/fr\/produit\/bakor-yellow-jacket\/","title":{"rendered":"Bakor Yellow Jacket"},"content":{"rendered":"<p class=\"p1\">Bakor Yellow Jacket est un tissu en verre \u00e0 maillage ouvert de couleur jaune vif, constitu\u00e9 de fils de verre satur\u00e9s de r\u00e9sines synth\u00e9tiques. Sa couleur jaune \u00e9clatante aide l&#8217;applicateur \u00e0 v\u00e9rifier que le tissu est compl\u00e8tement int\u00e9gr\u00e9 dans le compos\u00e9 de rev\u00eatement, en particulier dans des conditions de faible \u00e9clairage. La fibre de verre de ce produit ne pourrit pas, ne moisit pas et n&#8217;absorbe pas l&#8217;eau dans le corps du mat\u00e9riau de rev\u00eatement. Le 990-06 est g\u00e9n\u00e9ralement utilis\u00e9 comme membrane de renfort dans de nombreux types de rev\u00eatements o\u00f9 une r\u00e9sistance et une robustesse sup\u00e9rieures sont requises.<\/p>\n<ul class=\"ul1\">\n<li class=\"li1\">Disponible en 6&#8221; x 150&#8242;<\/li>\n<li class=\"li1\">Disponible en 36&#8221; x 50&#8242;<\/li>\n<\/ul>\n","protected":false},"excerpt":{"rendered":"","protected":false},"featured_media":1527,"template":"","meta":[],"product_brand":[],"product_cat":[188,170,65],"product_tag":[],"class_list":{"0":"post-1528","1":"product","2":"type-product","3":"status-publish","4":"has-post-thumbnail","6":"product_cat-accessoires-membranes-detancheite","7":"product_cat-membranes-detancheite","8":"product_cat-tous","9":"no-featured-image-padding","11":"first","12":"instock","13":"shipping-taxable","14":"product-type-simple"},"_links":{"self":[{"href":"https:\/\/www.distrocan.ca\/fr\/wp-json\/wp\/v2\/product\/1528","targetHints":{"allow":["GET"]}}],"collection":[{"href":"https:\/\/www.distrocan.ca\/fr\/wp-json\/wp\/v2\/product"}],"about":[{"href":"https:\/\/www.distrocan.ca\/fr\/wp-json\/wp\/v2\/types\/product"}],"wp:featuredmedia":[{"embeddable":true,"href":"https:\/\/www.distrocan.ca\/fr\/wp-json\/wp\/v2\/media\/1527"}],"wp:attachment":[{"href":"https:\/\/www.distrocan.ca\/fr\/wp-json\/wp\/v2\/media?parent=1528"}],"wp:term":[{"taxonomy":"product_brand","embeddable":true,"href":"https:\/\/www.distrocan.ca\/fr\/wp-json\/wp\/v2\/product_brand?post=1528"},{"taxonomy":"product_cat","embeddable":true,"href":"https:\/\/www.distrocan.ca\/fr\/wp-json\/wp\/v2\/product_cat?post=1528"},{"taxonomy":"product_tag","embeddable":true,"href":"https:\/\/www.distrocan.ca\/fr\/wp-json\/wp\/v2\/product_tag?post=1528"}],"curies":[{"name":"wp","href":"https:\/\/api.w.org\/{rel}","templated":true}]}}