{"id":1522,"date":"2025-02-21T14:37:23","date_gmt":"2025-02-21T19:37:23","guid":{"rendered":"https:\/\/www.distrocan.ca\/?post_type=product&#038;p=1522"},"modified":"2026-03-20T16:50:44","modified_gmt":"2026-03-20T20:50:44","slug":"bakor-np180-pp","status":"publish","type":"product","link":"https:\/\/www.distrocan.ca\/fr\/produit\/bakor-np180-pp\/","title":{"rendered":"Bakor NP180 PP"},"content":{"rendered":"<p class=\"p2\">Les feuilles de base ModifiedPLUS NP180p\/p sont con\u00e7ues pour \u00eatre utilis\u00e9es comme la base ou la premi\u00e8re couche dans un syst\u00e8me de toiture \u00e0 bitume modifi\u00e9 \u00e0 haute performance \u00e0 deux couches, ou comme une couche dans un syst\u00e8me de toiture \u00e0 Membrane Prot\u00e9g\u00e9e \u00e0 deux couches. Elles sont \u00e9galement utilis\u00e9es comme feuille de renfort dans les syst\u00e8mes d&#8217;asphalte caoutchout\u00e9 appliqu\u00e9 \u00e0 chaud 790-11. Le NP180p\/p poss\u00e8de une surface poly thermofusible sur les c\u00f4t\u00e9s sup\u00e9rieur et inf\u00e9rieur, permettant une application au chalumeau sur le substrat et pour recevoir des feuilles de couverture appliqu\u00e9es au chalumeau.<\/p>\n<p><a href=\"https:\/\/www.distrocan.ca\/wp-content\/uploads\/2026\/03\/NP180-FT-FR.pdf\" target=\"_blank\" rel=\"noopener\">Fiche technique<\/a><\/p>\n","protected":false},"excerpt":{"rendered":"","protected":false},"featured_media":1523,"template":"","meta":[],"product_brand":[],"product_cat":[170,186,65],"product_tag":[],"class_list":{"0":"post-1522","1":"product","2":"type-product","3":"status-publish","4":"has-post-thumbnail","6":"product_cat-membranes-detancheite","7":"product_cat-membranes-thermosoudees","8":"product_cat-tous","9":"no-featured-image-padding","11":"first","12":"instock","13":"shipping-taxable","14":"product-type-simple"},"_links":{"self":[{"href":"https:\/\/www.distrocan.ca\/fr\/wp-json\/wp\/v2\/product\/1522","targetHints":{"allow":["GET"]}}],"collection":[{"href":"https:\/\/www.distrocan.ca\/fr\/wp-json\/wp\/v2\/product"}],"about":[{"href":"https:\/\/www.distrocan.ca\/fr\/wp-json\/wp\/v2\/types\/product"}],"wp:featuredmedia":[{"embeddable":true,"href":"https:\/\/www.distrocan.ca\/fr\/wp-json\/wp\/v2\/media\/1523"}],"wp:attachment":[{"href":"https:\/\/www.distrocan.ca\/fr\/wp-json\/wp\/v2\/media?parent=1522"}],"wp:term":[{"taxonomy":"product_brand","embeddable":true,"href":"https:\/\/www.distrocan.ca\/fr\/wp-json\/wp\/v2\/product_brand?post=1522"},{"taxonomy":"product_cat","embeddable":true,"href":"https:\/\/www.distrocan.ca\/fr\/wp-json\/wp\/v2\/product_cat?post=1522"},{"taxonomy":"product_tag","embeddable":true,"href":"https:\/\/www.distrocan.ca\/fr\/wp-json\/wp\/v2\/product_tag?post=1522"}],"curies":[{"name":"wp","href":"https:\/\/api.w.org\/{rel}","templated":true}]}}