{"id":1513,"date":"2025-02-20T14:47:50","date_gmt":"2025-02-20T19:47:50","guid":{"rendered":"https:\/\/www.distrocan.ca\/?post_type=product&#038;p=1513"},"modified":"2026-03-30T12:47:06","modified_gmt":"2026-03-30T16:47:06","slug":"mapei-planitop-xs","status":"publish","type":"product","link":"https:\/\/www.distrocan.ca\/fr\/produit\/mapei-planitop-xs\/","title":{"rendered":"Mapei Planitop XS"},"content":{"rendered":"<p class=\"p1\">Planitop XS est une variante de Planitop X avec un temps de travail prolong\u00e9. Il est compens\u00e9 contre le retrait, renforc\u00e9 de fibres, modifi\u00e9 par des polym\u00e8res et contient un inhibiteur de corrosion, tout en conservant l&#8217;excellente maniabilit\u00e9 et polyvalence de Planitop X. Ce produit pr\u00e9sente de faibles \u00e9missions de compos\u00e9s organiques volatils et inclut une compensation des \u00e9missions de gaz \u00e0 effet de serre.<\/p>\n<ul class=\"ul1\">\n<li class=\"li1\">\u00c9paisseur au plafond de 1\/16&#8243; \u00e0 2&#8243; (1,5 mm \u00e0 5 cm)<\/li>\n<li class=\"li1\">\u00c9paisseur verticale de 1\/16&#8243; \u00e0 4&#8243; (1,5 mm \u00e0 10 cm)<\/li>\n<li class=\"li1\">Id\u00e9al pour la r\u00e9paration des marches, nez de marche, rampes, colonnes, balcons, plafonds, murs de sout\u00e8nement, murs de garage et plus encore<\/li>\n<li class=\"li1\">Compens\u00e9 contre le retrait<\/li>\n<li class=\"li1\">S\u00e9chage rapide<\/li>\n<\/ul>\n<p><a href=\"https:\/\/www.distrocan.ca\/wp-content\/uploads\/2025\/02\/MAPEI-PLANITOP-XS-FICHE-DE-DONNEES-DE-SECURITE_compressed.pdf\" target=\"_blank\" rel=\"noopener\">Fiche de s\u00e9curit\u00e9<\/a><br \/>\n<a href=\"https:\/\/www.distrocan.ca\/wp-content\/uploads\/2025\/02\/MAPEI-PLANITOP-XS-FICHE-TECHNIQUE_compressed.pdf\" target=\"_blank\" rel=\"noopener\">Fiche technique<\/a><\/p>\n","protected":false},"excerpt":{"rendered":"","protected":false},"featured_media":1512,"template":"","meta":[],"product_brand":[],"product_cat":[177,173,65],"product_tag":[],"class_list":{"0":"post-1513","1":"product","2":"type-product","3":"status-publish","4":"has-post-thumbnail","6":"product_cat-mortiers","7":"product_cat-produits-cimentaires","8":"product_cat-tous","9":"no-featured-image-padding","11":"first","12":"instock","13":"shipping-taxable","14":"product-type-simple"},"_links":{"self":[{"href":"https:\/\/www.distrocan.ca\/fr\/wp-json\/wp\/v2\/product\/1513","targetHints":{"allow":["GET"]}}],"collection":[{"href":"https:\/\/www.distrocan.ca\/fr\/wp-json\/wp\/v2\/product"}],"about":[{"href":"https:\/\/www.distrocan.ca\/fr\/wp-json\/wp\/v2\/types\/product"}],"wp:featuredmedia":[{"embeddable":true,"href":"https:\/\/www.distrocan.ca\/fr\/wp-json\/wp\/v2\/media\/1512"}],"wp:attachment":[{"href":"https:\/\/www.distrocan.ca\/fr\/wp-json\/wp\/v2\/media?parent=1513"}],"wp:term":[{"taxonomy":"product_brand","embeddable":true,"href":"https:\/\/www.distrocan.ca\/fr\/wp-json\/wp\/v2\/product_brand?post=1513"},{"taxonomy":"product_cat","embeddable":true,"href":"https:\/\/www.distrocan.ca\/fr\/wp-json\/wp\/v2\/product_cat?post=1513"},{"taxonomy":"product_tag","embeddable":true,"href":"https:\/\/www.distrocan.ca\/fr\/wp-json\/wp\/v2\/product_tag?post=1513"}],"curies":[{"name":"wp","href":"https:\/\/api.w.org\/{rel}","templated":true}]}}