{"id":1482,"date":"2025-02-20T12:55:43","date_gmt":"2025-02-20T17:55:43","guid":{"rendered":"https:\/\/www.distrocan.ca\/?post_type=product&#038;p=1482"},"modified":"2026-03-30T12:30:21","modified_gmt":"2026-03-30T16:30:21","slug":"distrocan-jetset-1-3-min","status":"publish","type":"product","link":"https:\/\/www.distrocan.ca\/fr\/produit\/distrocan-jetset-1-3-min\/","title":{"rendered":"Distrocan Jet Set 1-3 Min"},"content":{"rendered":"<p class=\"p1\">JETSET est utilis\u00e9 pour arr\u00eater les fuites d&#8217;eau actives et pour sceller les fissures afin de permettre les travaux d&#8217;injection dans les fissures.<\/p>\n<p class=\"p1\">JETSET offre une excellente adh\u00e9rence au b\u00e9ton, un temps de prise tr\u00e8s rapide et une stabilit\u00e9 dimensionnelle avec compensation du retrait. Il peut \u00eatre appliqu\u00e9 \u00e0 diff\u00e9rentes \u00e9paisseurs et pr\u00e9sente une bonne r\u00e9sistance chimique aux solutions corrosives couramment pr\u00e9sentes dans les environnements des eaux us\u00e9es, ainsi qu&#8217;aux sulfates pr\u00e9sents dans les conduits et installations de traitement des eaux us\u00e9es. De plus, il est tr\u00e8s facile \u00e0 utiliser, ce qui en fait une solution pratique pour diverses applications.<\/p>\n<p><a href=\"https:\/\/www.distrocan.ca\/wp-content\/uploads\/2025\/02\/JETSET-FICHE.pdf\" target=\"_blank\" rel=\"noopener\">Fiche de s\u00e9curit\u00e9<\/a><br \/>\n<a href=\"https:\/\/www.distrocan.ca\/wp-content\/uploads\/2025\/02\/JETSET-SPEC-FR.pdf\" target=\"_blank\" rel=\"noopener\">Fiche technique<\/a><\/p>\n","protected":false},"excerpt":{"rendered":"","protected":false},"featured_media":1926,"template":"","meta":[],"product_brand":[],"product_cat":[177,173,65],"product_tag":[],"class_list":{"0":"post-1482","1":"product","2":"type-product","3":"status-publish","4":"has-post-thumbnail","6":"product_cat-mortiers","7":"product_cat-produits-cimentaires","8":"product_cat-tous","9":"no-featured-image-padding","11":"first","12":"instock","13":"shipping-taxable","14":"product-type-simple"},"_links":{"self":[{"href":"https:\/\/www.distrocan.ca\/fr\/wp-json\/wp\/v2\/product\/1482","targetHints":{"allow":["GET"]}}],"collection":[{"href":"https:\/\/www.distrocan.ca\/fr\/wp-json\/wp\/v2\/product"}],"about":[{"href":"https:\/\/www.distrocan.ca\/fr\/wp-json\/wp\/v2\/types\/product"}],"wp:featuredmedia":[{"embeddable":true,"href":"https:\/\/www.distrocan.ca\/fr\/wp-json\/wp\/v2\/media\/1926"}],"wp:attachment":[{"href":"https:\/\/www.distrocan.ca\/fr\/wp-json\/wp\/v2\/media?parent=1482"}],"wp:term":[{"taxonomy":"product_brand","embeddable":true,"href":"https:\/\/www.distrocan.ca\/fr\/wp-json\/wp\/v2\/product_brand?post=1482"},{"taxonomy":"product_cat","embeddable":true,"href":"https:\/\/www.distrocan.ca\/fr\/wp-json\/wp\/v2\/product_cat?post=1482"},{"taxonomy":"product_tag","embeddable":true,"href":"https:\/\/www.distrocan.ca\/fr\/wp-json\/wp\/v2\/product_tag?post=1482"}],"curies":[{"name":"wp","href":"https:\/\/api.w.org\/{rel}","templated":true}]}}