{"id":1423,"date":"2024-08-17T11:45:30","date_gmt":"2024-08-17T15:45:30","guid":{"rendered":"https:\/\/www.distrocan.ca\/product\/epicol-t\/"},"modified":"2026-03-30T12:54:13","modified_gmt":"2026-03-30T16:54:13","slug":"epicol-t","status":"publish","type":"product","link":"https:\/\/www.distrocan.ca\/fr\/produit\/epicol-t\/","title":{"rendered":"Resiplast Epicol T"},"content":{"rendered":"<p class=\"p1\">EPICOL T est un mastic \u00e0 base d&#8217;\u00e9poxy avec un rapport de m\u00e9lange simple, id\u00e9al pour le remplissage, le moulage et la r\u00e9paration.<\/p>\n<p>Code: 120298<\/p>\n<p><a href=\"https:\/\/www.distrocan.ca\/wp-content\/uploads\/2024\/08\/EPICOL_T_TDS_FR.pdf\" target=\"_blank\" rel=\"noopener\">Fiche technique<\/a><\/p>\n","protected":false},"excerpt":{"rendered":"","protected":false},"featured_media":1422,"template":"","meta":[],"product_brand":[],"product_cat":[153,197,65],"product_tag":[],"class_list":{"0":"post-1423","1":"product","2":"type-product","3":"status-publish","4":"has-post-thumbnail","6":"product_cat-produits-dinjection","7":"product_cat-produits-epoxy","8":"product_cat-tous","9":"no-featured-image-padding","11":"first","12":"instock","13":"shipping-taxable","14":"product-type-simple"},"_links":{"self":[{"href":"https:\/\/www.distrocan.ca\/fr\/wp-json\/wp\/v2\/product\/1423","targetHints":{"allow":["GET"]}}],"collection":[{"href":"https:\/\/www.distrocan.ca\/fr\/wp-json\/wp\/v2\/product"}],"about":[{"href":"https:\/\/www.distrocan.ca\/fr\/wp-json\/wp\/v2\/types\/product"}],"wp:featuredmedia":[{"embeddable":true,"href":"https:\/\/www.distrocan.ca\/fr\/wp-json\/wp\/v2\/media\/1422"}],"wp:attachment":[{"href":"https:\/\/www.distrocan.ca\/fr\/wp-json\/wp\/v2\/media?parent=1423"}],"wp:term":[{"taxonomy":"product_brand","embeddable":true,"href":"https:\/\/www.distrocan.ca\/fr\/wp-json\/wp\/v2\/product_brand?post=1423"},{"taxonomy":"product_cat","embeddable":true,"href":"https:\/\/www.distrocan.ca\/fr\/wp-json\/wp\/v2\/product_cat?post=1423"},{"taxonomy":"product_tag","embeddable":true,"href":"https:\/\/www.distrocan.ca\/fr\/wp-json\/wp\/v2\/product_tag?post=1423"}],"curies":[{"name":"wp","href":"https:\/\/api.w.org\/{rel}","templated":true}]}}