{"id":1415,"date":"2024-08-17T11:43:17","date_gmt":"2024-08-17T15:43:17","guid":{"rendered":"https:\/\/www.distrocan.ca\/product\/stopaq-2100-aquastop\/"},"modified":"2026-03-30T14:01:39","modified_gmt":"2026-03-30T18:01:39","slug":"stopaq-2100-aquastop","status":"publish","type":"product","link":"https:\/\/www.distrocan.ca\/fr\/produit\/stopaq-2100-aquastop\/","title":{"rendered":"Stopaq 2100 Aquastop"},"content":{"rendered":"<p class=\"p1\">Compos\u00e9 synth\u00e9tique non toxique, monocomposant, \u00e9lastique, r\u00e9sistant \u00e0 l&#8217;eau et aux gaz. Adh\u00e8re aux surfaces s\u00e8ches et humides en b\u00e9ton, brique, PVC et autres mat\u00e9riaux. Aucune sous-couche n&#8217;est n\u00e9cessaire ; il ne durcit pas mais conserve une flexibilit\u00e9 permanente.<\/p>\n<p><iframe loading=\"lazy\" title=\"SFL STOPAQ - Application in Croatia\" width=\"1200\" height=\"675\" src=\"https:\/\/www.youtube.com\/embed\/9iB80JEiz_A?feature=oembed\" frameborder=\"0\" allow=\"accelerometer; autoplay; clipboard-write; encrypted-media; gyroscope; picture-in-picture; web-share\" referrerpolicy=\"strict-origin-when-cross-origin\" allowfullscreen><\/iframe><\/p>\n<p>&nbsp;<\/p>\n<p><a href=\"https:\/\/www.distrocan.ca\/wp-content\/uploads\/2026\/03\/STOPAQ_2100_SDS_FR.pdf\" target=\"_blank\" rel=\"noopener\">Fiche de donn\u00e9es de s\u00e9curit\u00e9<\/a><br \/>\n<a href=\"https:\/\/www.distrocan.ca\/wp-content\/uploads\/2024\/08\/STOPAQ_2100_TDS_FR.pdf\" target=\"_blank\" rel=\"noopener\">Fiche technique<\/a><\/p>\n","protected":false},"excerpt":{"rendered":"","protected":false},"featured_media":1414,"template":"","meta":[],"product_brand":[],"product_cat":[155,153,65],"product_tag":[],"class_list":{"0":"post-1415","1":"product","2":"type-product","3":"status-publish","4":"has-post-thumbnail","6":"product_cat-accessoires-injection","7":"product_cat-produits-dinjection","8":"product_cat-tous","9":"no-featured-image-padding","11":"first","12":"instock","13":"shipping-taxable","14":"product-type-simple"},"_links":{"self":[{"href":"https:\/\/www.distrocan.ca\/fr\/wp-json\/wp\/v2\/product\/1415","targetHints":{"allow":["GET"]}}],"collection":[{"href":"https:\/\/www.distrocan.ca\/fr\/wp-json\/wp\/v2\/product"}],"about":[{"href":"https:\/\/www.distrocan.ca\/fr\/wp-json\/wp\/v2\/types\/product"}],"wp:featuredmedia":[{"embeddable":true,"href":"https:\/\/www.distrocan.ca\/fr\/wp-json\/wp\/v2\/media\/1414"}],"wp:attachment":[{"href":"https:\/\/www.distrocan.ca\/fr\/wp-json\/wp\/v2\/media?parent=1415"}],"wp:term":[{"taxonomy":"product_brand","embeddable":true,"href":"https:\/\/www.distrocan.ca\/fr\/wp-json\/wp\/v2\/product_brand?post=1415"},{"taxonomy":"product_cat","embeddable":true,"href":"https:\/\/www.distrocan.ca\/fr\/wp-json\/wp\/v2\/product_cat?post=1415"},{"taxonomy":"product_tag","embeddable":true,"href":"https:\/\/www.distrocan.ca\/fr\/wp-json\/wp\/v2\/product_tag?post=1415"}],"curies":[{"name":"wp","href":"https:\/\/api.w.org\/{rel}","templated":true}]}}