{"id":1411,"date":"2024-08-17T11:40:59","date_gmt":"2024-08-17T15:40:59","guid":{"rendered":"https:\/\/www.distrocan.ca\/product\/spetec-gen-acc-fast\/"},"modified":"2026-03-30T10:23:00","modified_gmt":"2026-03-30T14:23:00","slug":"spetec-gen-acc-fast","status":"publish","type":"product","link":"https:\/\/www.distrocan.ca\/fr\/produit\/spetec-gen-acc-fast\/","title":{"rendered":"Spetec Gen Acc Fast"},"content":{"rendered":"<p class=\"p1\">Cet acc\u00e9l\u00e9rateur est utilis\u00e9 avec des r\u00e9sines d&#8217;injection polyur\u00e9thane Spetec r\u00e9actives \u00e0 l&#8217;eau sp\u00e9cifiques pour acc\u00e9l\u00e9rer la r\u00e9action dans la stabilisation et l&#8217;\u00e9tanch\u00e9it\u00e9 des grandes fuites d&#8217;eau. Les temps de r\u00e9action en fonction de la quantit\u00e9 ajout\u00e9e sont indiqu\u00e9s dans la fiche technique de la r\u00e9sine SPETEC\u00ae PU compatible.<\/p>\n<p>Code: 102428<\/p>\n<p><a href=\"https:\/\/www.distrocan.ca\/wp-content\/uploads\/2024\/08\/SPETEC_GEN_ACC_FAST_SDS_FR.pdf\" target=\"_blank\" rel=\"noopener\">Fiche de donn\u00e9es de s\u00e9curit\u00e9s<\/a><\/p>\n","protected":false},"excerpt":{"rendered":"","protected":false},"featured_media":1410,"template":"","meta":[],"product_brand":[],"product_cat":[153,154,213],"product_tag":[],"class_list":{"0":"post-1411","1":"product","2":"type-product","3":"status-publish","4":"has-post-thumbnail","6":"product_cat-produits-dinjection","7":"product_cat-resines-de-polyurethane","8":"product_cat-resines-de-polyurethane-spetec","9":"no-featured-image-padding","11":"first","12":"instock","13":"shipping-taxable","14":"product-type-simple"},"_links":{"self":[{"href":"https:\/\/www.distrocan.ca\/fr\/wp-json\/wp\/v2\/product\/1411","targetHints":{"allow":["GET"]}}],"collection":[{"href":"https:\/\/www.distrocan.ca\/fr\/wp-json\/wp\/v2\/product"}],"about":[{"href":"https:\/\/www.distrocan.ca\/fr\/wp-json\/wp\/v2\/types\/product"}],"wp:featuredmedia":[{"embeddable":true,"href":"https:\/\/www.distrocan.ca\/fr\/wp-json\/wp\/v2\/media\/1410"}],"wp:attachment":[{"href":"https:\/\/www.distrocan.ca\/fr\/wp-json\/wp\/v2\/media?parent=1411"}],"wp:term":[{"taxonomy":"product_brand","embeddable":true,"href":"https:\/\/www.distrocan.ca\/fr\/wp-json\/wp\/v2\/product_brand?post=1411"},{"taxonomy":"product_cat","embeddable":true,"href":"https:\/\/www.distrocan.ca\/fr\/wp-json\/wp\/v2\/product_cat?post=1411"},{"taxonomy":"product_tag","embeddable":true,"href":"https:\/\/www.distrocan.ca\/fr\/wp-json\/wp\/v2\/product_tag?post=1411"}],"curies":[{"name":"wp","href":"https:\/\/api.w.org\/{rel}","templated":true}]}}