{"id":1395,"date":"2024-08-17T11:31:04","date_gmt":"2024-08-17T15:31:04","guid":{"rendered":"https:\/\/www.distrocan.ca\/product\/spetec-pump-cleaner\/"},"modified":"2026-03-30T10:26:09","modified_gmt":"2026-03-30T14:26:09","slug":"spetec-pump-cleaner","status":"publish","type":"product","link":"https:\/\/www.distrocan.ca\/fr\/produit\/spetec-pump-cleaner\/","title":{"rendered":"Spetec Pump Cleaner"},"content":{"rendered":"<p class=\"p1\">SPETEC\u00ae PUMP CLEANER est un m\u00e9lange de solvants non inflammables con\u00e7u pour nettoyer les pompes et \u00e9quipements \u00e0 ciment polyur\u00e9thane. Il se compose d&#8217;un m\u00e9lange de solvants organiques ayant de fortes propri\u00e9t\u00e9s de dissolution pour les produits polyur\u00e9thane liquides.<\/p>\n<p>Code: 103001<\/p>\n<p><a href=\"https:\/\/www.distrocan.ca\/wp-content\/uploads\/2024\/08\/SPETEC_PUMP_CLEANER_MSDS_FR.pdf\" target=\"_blank\" rel=\"noopener\">Fiche de s\u00e9curit\u00e9<\/a><br \/>\n<a href=\"https:\/\/www.distrocan.ca\/wp-content\/uploads\/2024\/08\/SPETEC_PUMP_CLEANER_TDS_FR.pdf\" target=\"_blank\" rel=\"noopener\">Fiche de donn\u00e9es<\/a><\/p>\n","protected":false},"excerpt":{"rendered":"","protected":false},"featured_media":1394,"template":"","meta":[],"product_brand":[],"product_cat":[153,154,213,65],"product_tag":[],"class_list":{"0":"post-1395","1":"product","2":"type-product","3":"status-publish","4":"has-post-thumbnail","6":"product_cat-produits-dinjection","7":"product_cat-resines-de-polyurethane","8":"product_cat-resines-de-polyurethane-spetec","9":"product_cat-tous","10":"no-featured-image-padding","12":"first","13":"instock","14":"shipping-taxable","15":"product-type-simple"},"_links":{"self":[{"href":"https:\/\/www.distrocan.ca\/fr\/wp-json\/wp\/v2\/product\/1395","targetHints":{"allow":["GET"]}}],"collection":[{"href":"https:\/\/www.distrocan.ca\/fr\/wp-json\/wp\/v2\/product"}],"about":[{"href":"https:\/\/www.distrocan.ca\/fr\/wp-json\/wp\/v2\/types\/product"}],"wp:featuredmedia":[{"embeddable":true,"href":"https:\/\/www.distrocan.ca\/fr\/wp-json\/wp\/v2\/media\/1394"}],"wp:attachment":[{"href":"https:\/\/www.distrocan.ca\/fr\/wp-json\/wp\/v2\/media?parent=1395"}],"wp:term":[{"taxonomy":"product_brand","embeddable":true,"href":"https:\/\/www.distrocan.ca\/fr\/wp-json\/wp\/v2\/product_brand?post=1395"},{"taxonomy":"product_cat","embeddable":true,"href":"https:\/\/www.distrocan.ca\/fr\/wp-json\/wp\/v2\/product_cat?post=1395"},{"taxonomy":"product_tag","embeddable":true,"href":"https:\/\/www.distrocan.ca\/fr\/wp-json\/wp\/v2\/product_tag?post=1395"}],"curies":[{"name":"wp","href":"https:\/\/api.w.org\/{rel}","templated":true}]}}