{"id":1371,"date":"2024-08-17T11:23:59","date_gmt":"2024-08-17T15:23:59","guid":{"rendered":"https:\/\/www.distrocan.ca\/product\/spetec-h100\/"},"modified":"2026-03-30T10:25:26","modified_gmt":"2026-03-30T14:25:26","slug":"spetec-h100","status":"publish","type":"product","link":"https:\/\/www.distrocan.ca\/fr\/produit\/spetec-h100\/","title":{"rendered":"Spetec H100"},"content":{"rendered":"<p class=\"p1\">R\u00e9sine d&#8217;injection polyur\u00e9thane monocomposant, \u00e0 cellules ferm\u00e9es, hydrophobe, r\u00e9active \u00e0 l&#8217;eau, sans phtalates et \u00e0 faible viscosit\u00e9, con\u00e7ue pour stabiliser et sceller les grandes fuites d&#8217;eau. Au contact de l&#8217;eau, SPETEC\u00aeSTOP H100 se dilate en une r\u00e9sine polyur\u00e9thane semi-rigide et forme un joint d&#8217;\u00e9tanch\u00e9it\u00e9 permanent \u00e0 l&#8217;int\u00e9rieur de la fissure ou du joint.<\/p>\n<p><a href=\"https:\/\/www.distrocan.ca\/wp-content\/uploads\/2024\/08\/SPETEC_STOP_H100_MSDS_FR.pdf\" target=\"_blank\" rel=\"noopener\">Fiche de s\u00e9curit\u00e9<\/a><br \/>\n<a href=\"https:\/\/www.distrocan.ca\/wp-content\/uploads\/2024\/08\/SPETEC_STOP_H100_TDS_FR.pdf\" target=\"_blank\" rel=\"noopener\">Fiche technique<\/a><\/p>\n","protected":false},"excerpt":{"rendered":"","protected":false},"featured_media":1370,"template":"","meta":[],"product_brand":[],"product_cat":[153,154,213,65],"product_tag":[],"class_list":{"0":"post-1371","1":"product","2":"type-product","3":"status-publish","4":"has-post-thumbnail","6":"product_cat-produits-dinjection","7":"product_cat-resines-de-polyurethane","8":"product_cat-resines-de-polyurethane-spetec","9":"product_cat-tous","10":"no-featured-image-padding","12":"first","13":"instock","14":"shipping-taxable","15":"product-type-simple"},"_links":{"self":[{"href":"https:\/\/www.distrocan.ca\/fr\/wp-json\/wp\/v2\/product\/1371","targetHints":{"allow":["GET"]}}],"collection":[{"href":"https:\/\/www.distrocan.ca\/fr\/wp-json\/wp\/v2\/product"}],"about":[{"href":"https:\/\/www.distrocan.ca\/fr\/wp-json\/wp\/v2\/types\/product"}],"wp:featuredmedia":[{"embeddable":true,"href":"https:\/\/www.distrocan.ca\/fr\/wp-json\/wp\/v2\/media\/1370"}],"wp:attachment":[{"href":"https:\/\/www.distrocan.ca\/fr\/wp-json\/wp\/v2\/media?parent=1371"}],"wp:term":[{"taxonomy":"product_brand","embeddable":true,"href":"https:\/\/www.distrocan.ca\/fr\/wp-json\/wp\/v2\/product_brand?post=1371"},{"taxonomy":"product_cat","embeddable":true,"href":"https:\/\/www.distrocan.ca\/fr\/wp-json\/wp\/v2\/product_cat?post=1371"},{"taxonomy":"product_tag","embeddable":true,"href":"https:\/\/www.distrocan.ca\/fr\/wp-json\/wp\/v2\/product_tag?post=1371"}],"curies":[{"name":"wp","href":"https:\/\/api.w.org\/{rel}","templated":true}]}}