{"id":1348,"date":"2024-08-17T11:09:34","date_gmt":"2024-08-17T15:09:34","guid":{"rendered":"https:\/\/www.distrocan.ca\/?post_type=product&#038;p=1348"},"modified":"2026-03-30T10:28:16","modified_gmt":"2026-03-30T14:28:16","slug":"spetec-seal-f400","status":"publish","type":"product","link":"https:\/\/www.distrocan.ca\/fr\/produit\/spetec-seal-f400\/","title":{"rendered":"Spetec F400"},"content":{"rendered":"<p class=\"p1\">R\u00e9sine d&#8217;injection polyur\u00e9thane monocomposant, \u00e0 cellules ferm\u00e9es, hydrophobe, r\u00e9active \u00e0 l&#8217;eau, sans phtalates et \u00e0 faible viscosit\u00e9, id\u00e9ale pour stabiliser et arr\u00eater les grandes fuites d&#8217;eau. Au contact de l&#8217;eau, SPETEC\u00ae SEAL F400 se dilate et forme une r\u00e9sine polyur\u00e9thane flexible.<\/p>\n<p><a href=\"https:\/\/www.distrocan.ca\/wp-content\/uploads\/2024\/08\/SPETEC_SEAL_F400_MSDS_FR.pdf\" target=\"_blank\" rel=\"noopener\">Fiche de s\u00e9curit\u00e9<\/a><br \/>\n<a href=\"https:\/\/www.distrocan.ca\/wp-content\/uploads\/2024\/08\/SPETEC_SEAL_F400_TDS_FR.pdf\" target=\"_blank\" rel=\"noopener\">Fiche technique<\/a><\/p>\n","protected":false},"excerpt":{"rendered":"","protected":false},"featured_media":1357,"template":"","meta":[],"product_brand":[],"product_cat":[153,154,213,65],"product_tag":[],"class_list":{"0":"post-1348","1":"product","2":"type-product","3":"status-publish","4":"has-post-thumbnail","6":"product_cat-produits-dinjection","7":"product_cat-resines-de-polyurethane","8":"product_cat-resines-de-polyurethane-spetec","9":"product_cat-tous","10":"no-featured-image-padding","12":"first","13":"instock","14":"shipping-taxable","15":"product-type-simple"},"_links":{"self":[{"href":"https:\/\/www.distrocan.ca\/fr\/wp-json\/wp\/v2\/product\/1348","targetHints":{"allow":["GET"]}}],"collection":[{"href":"https:\/\/www.distrocan.ca\/fr\/wp-json\/wp\/v2\/product"}],"about":[{"href":"https:\/\/www.distrocan.ca\/fr\/wp-json\/wp\/v2\/types\/product"}],"wp:featuredmedia":[{"embeddable":true,"href":"https:\/\/www.distrocan.ca\/fr\/wp-json\/wp\/v2\/media\/1357"}],"wp:attachment":[{"href":"https:\/\/www.distrocan.ca\/fr\/wp-json\/wp\/v2\/media?parent=1348"}],"wp:term":[{"taxonomy":"product_brand","embeddable":true,"href":"https:\/\/www.distrocan.ca\/fr\/wp-json\/wp\/v2\/product_brand?post=1348"},{"taxonomy":"product_cat","embeddable":true,"href":"https:\/\/www.distrocan.ca\/fr\/wp-json\/wp\/v2\/product_cat?post=1348"},{"taxonomy":"product_tag","embeddable":true,"href":"https:\/\/www.distrocan.ca\/fr\/wp-json\/wp\/v2\/product_tag?post=1348"}],"curies":[{"name":"wp","href":"https:\/\/api.w.org\/{rel}","templated":true}]}}