{"id":1333,"date":"2024-08-16T15:13:49","date_gmt":"2024-08-16T19:13:49","guid":{"rendered":"https:\/\/www.distrocan.ca\/?post_type=product&#038;p=1333"},"modified":"2025-08-21T13:23:35","modified_gmt":"2025-08-21T17:23:35","slug":"couvercle-en-aluminium-pour-drain-18-x-24","status":"publish","type":"product","link":"https:\/\/www.distrocan.ca\/fr\/produit\/couvercle-en-aluminium-pour-drain-18-x-24\/","title":{"rendered":"Couvercle d&#8217;Aluminium &#8211; 18&#8221; x 24&#8221;"},"content":{"rendered":"<p class=\"p1\">Couverture en t\u00f4le d&#8217;aluminium \u00e0 damier con\u00e7ue pour une fosse de garage de 18&#8221; x 24&#8221;<\/p>\n<p class=\"p1\">&#8211; \u00c9paisseur : 1\/4&#8221;<br \/>\n&#8211; Adapt\u00e9e aux voitures standard et aux camions l\u00e9gers<br \/>\n&#8211; Perfor\u00e9e pour un drainage efficace de l&#8217;eau<\/p>\n","protected":false},"excerpt":{"rendered":"","protected":false},"featured_media":1334,"template":"","meta":[],"product_brand":[],"product_cat":[71,151,65],"product_tag":[],"class_list":{"0":"post-1333","1":"product","2":"type-product","3":"status-publish","4":"has-post-thumbnail","6":"product_cat-boites-de-drainage","7":"product_cat-plastique","8":"product_cat-tous","9":"no-featured-image-padding","11":"first","12":"instock","13":"shipping-taxable","14":"product-type-simple"},"_links":{"self":[{"href":"https:\/\/www.distrocan.ca\/fr\/wp-json\/wp\/v2\/product\/1333","targetHints":{"allow":["GET"]}}],"collection":[{"href":"https:\/\/www.distrocan.ca\/fr\/wp-json\/wp\/v2\/product"}],"about":[{"href":"https:\/\/www.distrocan.ca\/fr\/wp-json\/wp\/v2\/types\/product"}],"wp:featuredmedia":[{"embeddable":true,"href":"https:\/\/www.distrocan.ca\/fr\/wp-json\/wp\/v2\/media\/1334"}],"wp:attachment":[{"href":"https:\/\/www.distrocan.ca\/fr\/wp-json\/wp\/v2\/media?parent=1333"}],"wp:term":[{"taxonomy":"product_brand","embeddable":true,"href":"https:\/\/www.distrocan.ca\/fr\/wp-json\/wp\/v2\/product_brand?post=1333"},{"taxonomy":"product_cat","embeddable":true,"href":"https:\/\/www.distrocan.ca\/fr\/wp-json\/wp\/v2\/product_cat?post=1333"},{"taxonomy":"product_tag","embeddable":true,"href":"https:\/\/www.distrocan.ca\/fr\/wp-json\/wp\/v2\/product_tag?post=1333"}],"curies":[{"name":"wp","href":"https:\/\/api.w.org\/{rel}","templated":true}]}}