{"id":1221,"date":"2024-05-27T14:24:50","date_gmt":"2024-05-27T18:24:50","guid":{"rendered":"https:\/\/www.distrocan.ca\/?post_type=product&#038;p=1221"},"modified":"2026-03-30T12:44:31","modified_gmt":"2026-03-30T16:44:31","slug":"planiseal-plug","status":"publish","type":"product","link":"https:\/\/www.distrocan.ca\/fr\/produit\/planiseal-plug\/","title":{"rendered":"Mapei Planiseal Plug"},"content":{"rendered":"<p>Mortier d&#8217;arr\u00eat d&#8217;eau et d&#8217;ancrage \u00e0 prise ultra-rapide<\/p>\n<p>Planiseal Plug est un ciment hydraulique \u00e0 prise rapide sp\u00e9cialement con\u00e7u pour l&#8217;obturation des fuites, la r\u00e9paration des vides et des poches dans le b\u00e9ton et l&#8217;ancrage. Il est id\u00e9al pour colmater les fuites d&#8217;eau actives sur les surfaces de b\u00e9ton horizontales et verticales.<\/p>\n<ul>\n<li>Prise rapide<\/li>\n<li>Convient aux surfaces verticales et horizontales<\/li>\n<\/ul>\n<p><a href=\"https:\/\/www.distrocan.ca\/wp-content\/uploads\/2024\/05\/MAPEI-PLANISEAL-PLUG-FDS-FR.pdf\" target=\"_blank\" rel=\"noopener\">Fiche de donn\u00e9es de s\u00e9curit\u00e9<\/a><br \/>\n<a href=\"https:\/\/www.distrocan.ca\/wp-content\/uploads\/2024\/05\/MAPEI-PLANISEAL-PLUG-FICHE-TECHNIQUE.pdf\" target=\"_blank\" rel=\"noopener\">Fiche technique<\/a><\/p>\n","protected":false},"excerpt":{"rendered":"","protected":false},"featured_media":1306,"template":"","meta":[],"product_brand":[],"product_cat":[177,173,65],"product_tag":[],"class_list":{"0":"post-1221","1":"product","2":"type-product","3":"status-publish","4":"has-post-thumbnail","6":"product_cat-mortiers","7":"product_cat-produits-cimentaires","8":"product_cat-tous","9":"no-featured-image-padding","11":"first","12":"instock","13":"shipping-taxable","14":"product-type-simple"},"_links":{"self":[{"href":"https:\/\/www.distrocan.ca\/fr\/wp-json\/wp\/v2\/product\/1221","targetHints":{"allow":["GET"]}}],"collection":[{"href":"https:\/\/www.distrocan.ca\/fr\/wp-json\/wp\/v2\/product"}],"about":[{"href":"https:\/\/www.distrocan.ca\/fr\/wp-json\/wp\/v2\/types\/product"}],"wp:featuredmedia":[{"embeddable":true,"href":"https:\/\/www.distrocan.ca\/fr\/wp-json\/wp\/v2\/media\/1306"}],"wp:attachment":[{"href":"https:\/\/www.distrocan.ca\/fr\/wp-json\/wp\/v2\/media?parent=1221"}],"wp:term":[{"taxonomy":"product_brand","embeddable":true,"href":"https:\/\/www.distrocan.ca\/fr\/wp-json\/wp\/v2\/product_brand?post=1221"},{"taxonomy":"product_cat","embeddable":true,"href":"https:\/\/www.distrocan.ca\/fr\/wp-json\/wp\/v2\/product_cat?post=1221"},{"taxonomy":"product_tag","embeddable":true,"href":"https:\/\/www.distrocan.ca\/fr\/wp-json\/wp\/v2\/product_tag?post=1221"}],"curies":[{"name":"wp","href":"https:\/\/api.w.org\/{rel}","templated":true}]}}