{"id":1210,"date":"2024-05-27T14:17:44","date_gmt":"2024-05-27T18:17:44","guid":{"rendered":"https:\/\/www.distrocan.ca\/?post_type=product&#038;p=1210"},"modified":"2026-03-30T12:46:09","modified_gmt":"2026-03-30T16:46:09","slug":"planittop-x","status":"publish","type":"product","link":"https:\/\/www.distrocan.ca\/fr\/produit\/planittop-x\/","title":{"rendered":"Mapei Planitop X"},"content":{"rendered":"<p>Planitop X est un mortier de r\u00e9paration monocomposant, renforc\u00e9 de fibres, \u00e0 retrait compens\u00e9, \u00e0 r\u00e9sistance \u00e9lev\u00e9e, \u00e0 prise rapide, modifi\u00e9 par des polym\u00e8res, \u00e0 haut pouvoir garnissant, avec une id\u00e9e d&#8217;inhibiteur de corrosion pour les mortiers de r\u00e9paration verticaux et a\u00e9riens.<\/p>\n<p><a href=\"https:\/\/www.distrocan.ca\/wp-content\/uploads\/2024\/05\/MAPEI-PLANITOP-X-FDS-FR.pdf\" target=\"_blank\" rel=\"noopener\">Fiche de donn\u00e9es de s\u00e9curit\u00e9<\/a><br \/>\n<a href=\"https:\/\/www.distrocan.ca\/wp-content\/uploads\/2024\/05\/MAPEI-PLANITOP-X-FICHE-TECHNIQUE.pdf\" target=\"_blank\" rel=\"noopener\">Fiche technique<\/a><\/p>\n","protected":false},"excerpt":{"rendered":"","protected":false},"featured_media":1310,"template":"","meta":[],"product_brand":[],"product_cat":[177,173,65],"product_tag":[],"class_list":{"0":"post-1210","1":"product","2":"type-product","3":"status-publish","4":"has-post-thumbnail","6":"product_cat-mortiers","7":"product_cat-produits-cimentaires","8":"product_cat-tous","9":"no-featured-image-padding","11":"first","12":"instock","13":"shipping-taxable","14":"product-type-simple"},"_links":{"self":[{"href":"https:\/\/www.distrocan.ca\/fr\/wp-json\/wp\/v2\/product\/1210","targetHints":{"allow":["GET"]}}],"collection":[{"href":"https:\/\/www.distrocan.ca\/fr\/wp-json\/wp\/v2\/product"}],"about":[{"href":"https:\/\/www.distrocan.ca\/fr\/wp-json\/wp\/v2\/types\/product"}],"wp:featuredmedia":[{"embeddable":true,"href":"https:\/\/www.distrocan.ca\/fr\/wp-json\/wp\/v2\/media\/1310"}],"wp:attachment":[{"href":"https:\/\/www.distrocan.ca\/fr\/wp-json\/wp\/v2\/media?parent=1210"}],"wp:term":[{"taxonomy":"product_brand","embeddable":true,"href":"https:\/\/www.distrocan.ca\/fr\/wp-json\/wp\/v2\/product_brand?post=1210"},{"taxonomy":"product_cat","embeddable":true,"href":"https:\/\/www.distrocan.ca\/fr\/wp-json\/wp\/v2\/product_cat?post=1210"},{"taxonomy":"product_tag","embeddable":true,"href":"https:\/\/www.distrocan.ca\/fr\/wp-json\/wp\/v2\/product_tag?post=1210"}],"curies":[{"name":"wp","href":"https:\/\/api.w.org\/{rel}","templated":true}]}}