{"id":1190,"date":"2024-05-27T12:48:03","date_gmt":"2024-05-27T16:48:03","guid":{"rendered":"https:\/\/www.distrocan.ca\/?post_type=product&#038;p=1190"},"modified":"2026-03-30T09:54:55","modified_gmt":"2026-03-30T13:54:55","slug":"resfoam-hl-45","status":"publish","type":"product","link":"https:\/\/www.distrocan.ca\/fr\/produit\/resfoam-hl-45\/","title":{"rendered":"Mapei Resfoam HB 45"},"content":{"rendered":"<p>Coulis de polyur\u00e9thane flexible et hydrophobe<\/p>\n<p>Resfoam HB 45 est un coulis de polyur\u00e9thane flexible et hydrophobe \u00e0 faible viscosit\u00e9 utilis\u00e9 pour arr\u00eater l&#8217;infiltration d&#8217;eau dans les structures en b\u00e9ton. Resfoam HB 45 est un syst\u00e8me polym\u00e8re sans solvant, \u00e0 base de MDI, qui r\u00e9agit avec l&#8217;eau. Utiliser Resfoam HB 45 avec l&#8217;acc\u00e9l\u00e9rateur Resfoam HBA 5 pour ajuster le profil de r\u00e9action \u00e0 une application sp\u00e9cifique. Dans des circonstances de mont\u00e9e libre, Resfoam HB 45 se dilatera jusqu&#8217;\u00e0 750% de son volume liquide. Lors de l&#8217;application, Resfoam HB 45 r\u00e9agit pour former un coulis de polyur\u00e9thane \u00e0 cellules ferm\u00e9es qui ne r\u00e9tr\u00e9cit pas et constitue une barri\u00e8re \u00e9lastom\u00e8re \u00e9tanche qui scelle les points d&#8217;infiltration contre l&#8217;intrusion de l&#8217;eau. Resfoam HB 45 est non toxique et pr\u00e9sente une bonne r\u00e9sistance chimique.<\/p>\n<p><span class=\"s1\">18.9L \/ 5 Gal.<br \/>\n<span style=\"font-size: inherit; font-family: -apple-system, system-ui, BlinkMacSystemFont, 'Segoe UI', Helvetica, Arial, sans-serif, 'Apple Color Emoji', 'Segoe UI Emoji', 'Segoe UI Symbol';\"><br \/>\n<a href=\"https:\/\/www.distrocan.ca\/wp-content\/uploads\/2024\/05\/HB45-SDS-FR.pdf\" target=\"_blank\" rel=\"noopener\">Fiche de donne\u0301es de se\u0301curite\u0301<\/a><br \/>\n<\/span><\/span><a href=\"https:\/\/www.distrocan.ca\/wp-content\/uploads\/2024\/05\/HB45-SPEC-FR.pdf\" target=\"_blank\" rel=\"noopener\">Fiche technique<\/a><\/p>\n<p><span class=\"s1\">\u00a0<\/span><\/p>\n","protected":false},"excerpt":{"rendered":"","protected":false},"featured_media":1320,"template":"","meta":[],"product_brand":[],"product_cat":[212,154,65],"product_tag":[],"class_list":{"0":"post-1190","1":"product","2":"type-product","3":"status-publish","4":"has-post-thumbnail","6":"product_cat-resines-de-polyurethane-mapei","7":"product_cat-resines-de-polyurethane","8":"product_cat-tous","9":"no-featured-image-padding","11":"first","12":"instock","13":"shipping-taxable","14":"product-type-simple"},"_links":{"self":[{"href":"https:\/\/www.distrocan.ca\/fr\/wp-json\/wp\/v2\/product\/1190","targetHints":{"allow":["GET"]}}],"collection":[{"href":"https:\/\/www.distrocan.ca\/fr\/wp-json\/wp\/v2\/product"}],"about":[{"href":"https:\/\/www.distrocan.ca\/fr\/wp-json\/wp\/v2\/types\/product"}],"wp:featuredmedia":[{"embeddable":true,"href":"https:\/\/www.distrocan.ca\/fr\/wp-json\/wp\/v2\/media\/1320"}],"wp:attachment":[{"href":"https:\/\/www.distrocan.ca\/fr\/wp-json\/wp\/v2\/media?parent=1190"}],"wp:term":[{"taxonomy":"product_brand","embeddable":true,"href":"https:\/\/www.distrocan.ca\/fr\/wp-json\/wp\/v2\/product_brand?post=1190"},{"taxonomy":"product_cat","embeddable":true,"href":"https:\/\/www.distrocan.ca\/fr\/wp-json\/wp\/v2\/product_cat?post=1190"},{"taxonomy":"product_tag","embeddable":true,"href":"https:\/\/www.distrocan.ca\/fr\/wp-json\/wp\/v2\/product_tag?post=1190"}],"curies":[{"name":"wp","href":"https:\/\/api.w.org\/{rel}","templated":true}]}}