{"id":1186,"date":"2024-05-27T12:45:01","date_gmt":"2024-05-27T16:45:01","guid":{"rendered":"https:\/\/www.distrocan.ca\/?post_type=product&#038;p=1186"},"modified":"2026-03-30T09:53:59","modified_gmt":"2026-03-30T13:53:59","slug":"resfoam-1km","status":"publish","type":"product","link":"https:\/\/www.distrocan.ca\/fr\/produit\/resfoam-1km\/","title":{"rendered":"Mapei Resfoam 1KM"},"content":{"rendered":"<p>R\u00e9sine polyur\u00e9thane monocomposante et ultra-fluide appliqu\u00e9e par injection pour l&#8217;imperm\u00e9abilisation de structures et de sols et rochers soumis \u00e0 une intense percolation d&#8217;eau. Le temps de r\u00e9action peut \u00eatre r\u00e9gul\u00e9.<\/p>\n<p><span class=\"s1\">18.9L \/ 5 Gal.<br \/>\n<\/span><\/p>\n<div class=\"page\" title=\"Page 1\">\n<div class=\"layoutArea\">\n<div class=\"column\">\n<p><a href=\"https:\/\/www.distrocan.ca\/wp-content\/uploads\/2024\/05\/1KM-SDS-FR.pdf\" target=\"_blank\" rel=\"noopener\">Fiche de donne\u0301es de se\u0301curite\u0301<\/a><br \/>\n<a href=\"https:\/\/www.distrocan.ca\/wp-content\/uploads\/2024\/05\/1KM-SPEC-FR.pdf\" target=\"_blank\" rel=\"noopener\">Fiche technique<\/a><\/p>\n<\/div>\n<\/div>\n<\/div>\n<p><span class=\"s1\">\u00a0<\/span><\/p>\n","protected":false},"excerpt":{"rendered":"","protected":false},"featured_media":1318,"template":"","meta":[],"product_brand":[],"product_cat":[212,154,65],"product_tag":[],"class_list":{"0":"post-1186","1":"product","2":"type-product","3":"status-publish","4":"has-post-thumbnail","6":"product_cat-resines-de-polyurethane-mapei","7":"product_cat-resines-de-polyurethane","8":"product_cat-tous","9":"no-featured-image-padding","11":"first","12":"instock","13":"shipping-taxable","14":"product-type-simple"},"_links":{"self":[{"href":"https:\/\/www.distrocan.ca\/fr\/wp-json\/wp\/v2\/product\/1186","targetHints":{"allow":["GET"]}}],"collection":[{"href":"https:\/\/www.distrocan.ca\/fr\/wp-json\/wp\/v2\/product"}],"about":[{"href":"https:\/\/www.distrocan.ca\/fr\/wp-json\/wp\/v2\/types\/product"}],"wp:featuredmedia":[{"embeddable":true,"href":"https:\/\/www.distrocan.ca\/fr\/wp-json\/wp\/v2\/media\/1318"}],"wp:attachment":[{"href":"https:\/\/www.distrocan.ca\/fr\/wp-json\/wp\/v2\/media?parent=1186"}],"wp:term":[{"taxonomy":"product_brand","embeddable":true,"href":"https:\/\/www.distrocan.ca\/fr\/wp-json\/wp\/v2\/product_brand?post=1186"},{"taxonomy":"product_cat","embeddable":true,"href":"https:\/\/www.distrocan.ca\/fr\/wp-json\/wp\/v2\/product_cat?post=1186"},{"taxonomy":"product_tag","embeddable":true,"href":"https:\/\/www.distrocan.ca\/fr\/wp-json\/wp\/v2\/product_tag?post=1186"}],"curies":[{"name":"wp","href":"https:\/\/api.w.org\/{rel}","templated":true}]}}