{"id":1182,"date":"2024-05-27T12:38:15","date_gmt":"2024-05-27T16:38:15","guid":{"rendered":"https:\/\/www.distrocan.ca\/?post_type=product&#038;p=1182"},"modified":"2026-03-20T17:17:22","modified_gmt":"2026-03-20T21:17:22","slug":"geotextile-tisse-geomax-copy","status":"publish","type":"product","link":"https:\/\/www.distrocan.ca\/fr\/produit\/geotextile-tisse-geomax-copy\/","title":{"rendered":"G\u00e9otextile Non-Tiss\u00e9 <span style=\"color: #cd242b\"><b>GEOMAX<\/b><\/span>"},"content":{"rendered":"<div class=\"page\" title=\"Page 7\">\n<div class=\"section\">\n<div class=\"layoutArea\">\n<div class=\"column\">\n<p>Le g\u00e9otextile non tiss\u00e9 Geomax est fabriqu\u00e9 \u00e0 partir d&#8217;un m\u00e9lange exclusif de tissus de polypropyl\u00e8ne et de polyester de haute qualit\u00e9, cr\u00e9ant ainsi un produit \u00e9prouv\u00e9, test\u00e9 et v\u00e9ritablement durable. Les principaux usages des g\u00e9otextiles non tiss\u00e9s Geomax sont les suivants :<\/p>\n<p>Filtration<br \/>\n&#8211; Perm\u00e9abilit\u00e9 \u00e0 l&#8217;eau : Les g\u00e9otextiles non tiss\u00e9s laissent passer l&#8217;eau tout en retenant les particules de sol. Ils sont donc id\u00e9aux pour les syst\u00e8mes de drainage o\u00f9 il faut \u00e9viter que la terre n&#8217;obstrue les tuyaux ou les couches de drainage.<\/p>\n<p>S\u00e9paration<br \/>\n&#8211; S\u00e9paration des couches : Ils sont utilis\u00e9s pour s\u00e9parer diff\u00e9rentes couches de mat\u00e9riaux, par exemple pour emp\u00eacher la terre de se m\u00e9langer aux agr\u00e9gats dans la construction de routes. Cela permet de maintenir l&#8217;int\u00e9grit\u00e9 et la fonctionnalit\u00e9 des couches de construction.<\/p>\n<p>Drainage<br \/>\n&#8211; Contr\u00f4le de l&#8217;humidit\u00e9 : Les g\u00e9otextiles non tiss\u00e9s sont tr\u00e8s efficaces pour g\u00e9rer l&#8217;\u00e9coulement de l&#8217;eau dans divers projets de construction. Ils facilitent l&#8217;\u00e9limination de l&#8217;exc\u00e8s d&#8217;eau du sol ou d&#8217;autres mat\u00e9riaux, \u00e9vitant ainsi l&#8217;accumulation d&#8217;eau et les probl\u00e8mes qui en d\u00e9coulent.<\/p>\n<p>Protection<br \/>\n&#8211; Protection du rev\u00eatement : Les g\u00e9otextiles non tiss\u00e9s amortissent et prot\u00e8gent les g\u00e9omembranes ou autres rev\u00eatements utilis\u00e9s dans des applications telles que les d\u00e9charges ou les \u00e9tangs, en \u00e9vitant les perforations et les dommages caus\u00e9s par des objets tranchants ou des surfaces irr\u00e9guli\u00e8res.<\/p>\n<p>Contr\u00f4le de l&#8217;\u00e9rosion<br \/>\n&#8211; Stabilit\u00e9 de la surface : Les g\u00e9otextiles non tiss\u00e9s contribuent \u00e0 pr\u00e9venir l&#8217;\u00e9rosion du sol en stabilisant la surface du sol, en particulier sur les pentes ou les talus. Ils prot\u00e8gent le sol contre le lessivage par la pluie ou le ruissellement des eaux de surface.<\/p>\n<p>Sp\u00e9cifications R\u00e9capitulatif :<br \/>\n150g\/m2, polypropyl\u00e8ne\/polyester<br \/>\n3 pieds x 350 pieds<br \/>\n6 pieds x 350 pieds<br \/>\n12 pieds x 350 pieds<\/p>\n<p><a href=\"https:\/\/www.distrocan.ca\/wp-content\/uploads\/2023\/02\/Distrocan-Geotextile-Technical-Sheet.pdf\" target=\"_blank\" rel=\"noopener\">Fiche technique<\/a><\/p>\n<\/div>\n<\/div>\n<\/div>\n<\/div>\n","protected":false},"excerpt":{"rendered":"","protected":false},"featured_media":345,"template":"","meta":[],"product_brand":[],"product_cat":[72,65],"product_tag":[],"class_list":{"0":"post-1182","1":"product","2":"type-product","3":"status-publish","4":"has-post-thumbnail","6":"product_cat-geotextiles-fr","7":"product_cat-tous","8":"no-featured-image-padding","10":"first","11":"instock","12":"shipping-taxable","13":"product-type-simple"},"_links":{"self":[{"href":"https:\/\/www.distrocan.ca\/fr\/wp-json\/wp\/v2\/product\/1182","targetHints":{"allow":["GET"]}}],"collection":[{"href":"https:\/\/www.distrocan.ca\/fr\/wp-json\/wp\/v2\/product"}],"about":[{"href":"https:\/\/www.distrocan.ca\/fr\/wp-json\/wp\/v2\/types\/product"}],"wp:featuredmedia":[{"embeddable":true,"href":"https:\/\/www.distrocan.ca\/fr\/wp-json\/wp\/v2\/media\/345"}],"wp:attachment":[{"href":"https:\/\/www.distrocan.ca\/fr\/wp-json\/wp\/v2\/media?parent=1182"}],"wp:term":[{"taxonomy":"product_brand","embeddable":true,"href":"https:\/\/www.distrocan.ca\/fr\/wp-json\/wp\/v2\/product_brand?post=1182"},{"taxonomy":"product_cat","embeddable":true,"href":"https:\/\/www.distrocan.ca\/fr\/wp-json\/wp\/v2\/product_cat?post=1182"},{"taxonomy":"product_tag","embeddable":true,"href":"https:\/\/www.distrocan.ca\/fr\/wp-json\/wp\/v2\/product_tag?post=1182"}],"curies":[{"name":"wp","href":"https:\/\/api.w.org\/{rel}","templated":true}]}}