{"id":1170,"date":"2024-05-27T12:53:24","date_gmt":"2024-05-27T16:53:24","guid":{"rendered":"https:\/\/www.distrocan.ca\/product\/impermashield-t-coat\/"},"modified":"2026-02-25T15:42:48","modified_gmt":"2026-02-25T20:42:48","slug":"impermashield-t-coat","status":"publish","type":"product","link":"https:\/\/www.distrocan.ca\/fr\/produit\/impermashield-t-coat\/","title":{"rendered":"ImpermaShield T Coat"},"content":{"rendered":"<p>ImpermaShield T Coat est une \u00e9mulsion de bitume modifi\u00e9 \u00e0 haute performance, \u00e0 prise rapide, appliqu\u00e9e \u00e0 froid, con\u00e7ue avec des polym\u00e8res formul\u00e9s avec pr\u00e9cision pour des propri\u00e9t\u00e9s \u00e9lastom\u00e9riques sup\u00e9rieures. Parfait pour les zones o\u00f9 les solvants et la chaleur sont limit\u00e9s, ce produit est id\u00e9al pour cr\u00e9er des joints au niveau des murs et des sols et pour traiter les fissures avant l&#8217;application de la membrane sans joint avec ImpermaShield T Coat.<\/p>\n<p><a href=\"https:\/\/www.distrocan.ca\/wp-content\/uploads\/2026\/02\/IMPERMASHIELD-T-COAT-FDS-FR.pdf\">Fiche de donn\u00e9es de s\u00e9curit\u00e9<\/a><\/p>\n","protected":false},"excerpt":{"rendered":"","protected":false},"featured_media":1332,"template":"","meta":[],"product_brand":[],"product_cat":[171,170,65],"product_tag":[],"class_list":{"0":"post-1170","1":"product","2":"type-product","3":"status-publish","4":"has-post-thumbnail","6":"product_cat-a-base-deau","7":"product_cat-membranes-detancheite","8":"product_cat-tous","9":"no-featured-image-padding","11":"first","12":"instock","13":"shipping-taxable","14":"product-type-simple"},"_links":{"self":[{"href":"https:\/\/www.distrocan.ca\/fr\/wp-json\/wp\/v2\/product\/1170","targetHints":{"allow":["GET"]}}],"collection":[{"href":"https:\/\/www.distrocan.ca\/fr\/wp-json\/wp\/v2\/product"}],"about":[{"href":"https:\/\/www.distrocan.ca\/fr\/wp-json\/wp\/v2\/types\/product"}],"wp:featuredmedia":[{"embeddable":true,"href":"https:\/\/www.distrocan.ca\/fr\/wp-json\/wp\/v2\/media\/1332"}],"wp:attachment":[{"href":"https:\/\/www.distrocan.ca\/fr\/wp-json\/wp\/v2\/media?parent=1170"}],"wp:term":[{"taxonomy":"product_brand","embeddable":true,"href":"https:\/\/www.distrocan.ca\/fr\/wp-json\/wp\/v2\/product_brand?post=1170"},{"taxonomy":"product_cat","embeddable":true,"href":"https:\/\/www.distrocan.ca\/fr\/wp-json\/wp\/v2\/product_cat?post=1170"},{"taxonomy":"product_tag","embeddable":true,"href":"https:\/\/www.distrocan.ca\/fr\/wp-json\/wp\/v2\/product_tag?post=1170"}],"curies":[{"name":"wp","href":"https:\/\/api.w.org\/{rel}","templated":true}]}}