{"id":1136,"date":"2024-03-27T12:27:27","date_gmt":"2024-03-27T16:27:27","guid":{"rendered":"https:\/\/www.distrocan.ca\/product\/4-tuyau-non-perfore-solflo-max\/"},"modified":"2026-03-03T15:35:36","modified_gmt":"2026-03-03T20:35:36","slug":"4-tuyau-non-perfore-solflo-max","status":"publish","type":"product","link":"https:\/\/www.distrocan.ca\/fr\/produit\/4-tuyau-non-perfore-solflo-max\/","title":{"rendered":"4&#8243; Non Perfor\u00e9 SOLFLO MAX"},"content":{"rendered":"<p>4&#8243; Tuyau Non Perfor\u00e9 SOLFLO MAX<br \/>\n20 pieds \/ 6 m\u00e8tres<br \/>\nCode: 320420<br \/>\nRigide, ondul\u00e9, int\u00e9rieur lisse, R320<\/p>\n<p>4&#8243; Tuyau Perfor\u00e9 SOLFLO MAX<br \/>\n20 pieds \/ 6 m\u00e8tres<br \/>\nCode: 320415<br \/>\nRigide, ondul\u00e9, int\u00e9rieur lisse, perfor\u00e9, R320<\/p>\n<p>&nbsp;<\/p>\n","protected":false},"excerpt":{"rendered":"","protected":false},"featured_media":1135,"template":"","meta":[],"product_brand":[],"product_cat":[159,158],"product_tag":[],"class_list":{"0":"post-1136","1":"product","2":"type-product","3":"status-publish","4":"has-post-thumbnail","6":"product_cat-pehd","7":"product_cat-tuyaux","8":"no-featured-image-padding","10":"first","11":"instock","12":"shipping-taxable","13":"product-type-simple"},"_links":{"self":[{"href":"https:\/\/www.distrocan.ca\/fr\/wp-json\/wp\/v2\/product\/1136","targetHints":{"allow":["GET"]}}],"collection":[{"href":"https:\/\/www.distrocan.ca\/fr\/wp-json\/wp\/v2\/product"}],"about":[{"href":"https:\/\/www.distrocan.ca\/fr\/wp-json\/wp\/v2\/types\/product"}],"wp:featuredmedia":[{"embeddable":true,"href":"https:\/\/www.distrocan.ca\/fr\/wp-json\/wp\/v2\/media\/1135"}],"wp:attachment":[{"href":"https:\/\/www.distrocan.ca\/fr\/wp-json\/wp\/v2\/media?parent=1136"}],"wp:term":[{"taxonomy":"product_brand","embeddable":true,"href":"https:\/\/www.distrocan.ca\/fr\/wp-json\/wp\/v2\/product_brand?post=1136"},{"taxonomy":"product_cat","embeddable":true,"href":"https:\/\/www.distrocan.ca\/fr\/wp-json\/wp\/v2\/product_cat?post=1136"},{"taxonomy":"product_tag","embeddable":true,"href":"https:\/\/www.distrocan.ca\/fr\/wp-json\/wp\/v2\/product_tag?post=1136"}],"curies":[{"name":"wp","href":"https:\/\/api.w.org\/{rel}","templated":true}]}}