{"id":1120,"date":"2024-03-27T12:02:05","date_gmt":"2024-03-27T16:02:05","guid":{"rendered":"https:\/\/www.distrocan.ca\/product\/3-tuyau-perfore-type-2\/"},"modified":"2026-03-03T15:35:52","modified_gmt":"2026-03-03T20:35:52","slug":"3-tuyau-perfore-type-2","status":"publish","type":"product","link":"https:\/\/www.distrocan.ca\/fr\/produit\/3-tuyau-perfore-type-2\/","title":{"rendered":"3&#8243; Perfor\u00e9 (Type 2)"},"content":{"rendered":"<p>3&#8221; Tuyau Perfor\u00e9 (Type 2)<br \/>\nCode: 100304<br \/>\n100 pieds \/ 30 m\u00e8tres Flexible, ondul\u00e9<\/p>\n<p>3&#8221; Tuyau Perfor\u00e9 (Type 2) &#8211; Geo Blanc<br \/>\nCode: 100313<br \/>\n100 pieds \/ 30 m\u00e8tres<br \/>\nFlexible, ondul\u00e9, gaine filtrante non tiss\u00e9 450 micron, *Gaine filtrante non montr\u00e9 sur la photo.<\/p>\n<p>*** Veuillez appeler pour les prix, les prix varient en fonction de la quantit\u00e9 de commande.<\/p>\n","protected":false},"excerpt":{"rendered":"","protected":false},"featured_media":1119,"template":"","meta":[],"product_brand":[],"product_cat":[159,158],"product_tag":[],"class_list":{"0":"post-1120","1":"product","2":"type-product","3":"status-publish","4":"has-post-thumbnail","6":"product_cat-pehd","7":"product_cat-tuyaux","8":"no-featured-image-padding","10":"first","11":"instock","12":"shipping-taxable","13":"product-type-simple"},"_links":{"self":[{"href":"https:\/\/www.distrocan.ca\/fr\/wp-json\/wp\/v2\/product\/1120","targetHints":{"allow":["GET"]}}],"collection":[{"href":"https:\/\/www.distrocan.ca\/fr\/wp-json\/wp\/v2\/product"}],"about":[{"href":"https:\/\/www.distrocan.ca\/fr\/wp-json\/wp\/v2\/types\/product"}],"wp:featuredmedia":[{"embeddable":true,"href":"https:\/\/www.distrocan.ca\/fr\/wp-json\/wp\/v2\/media\/1119"}],"wp:attachment":[{"href":"https:\/\/www.distrocan.ca\/fr\/wp-json\/wp\/v2\/media?parent=1120"}],"wp:term":[{"taxonomy":"product_brand","embeddable":true,"href":"https:\/\/www.distrocan.ca\/fr\/wp-json\/wp\/v2\/product_brand?post=1120"},{"taxonomy":"product_cat","embeddable":true,"href":"https:\/\/www.distrocan.ca\/fr\/wp-json\/wp\/v2\/product_cat?post=1120"},{"taxonomy":"product_tag","embeddable":true,"href":"https:\/\/www.distrocan.ca\/fr\/wp-json\/wp\/v2\/product_tag?post=1120"}],"curies":[{"name":"wp","href":"https:\/\/api.w.org\/{rel}","templated":true}]}}