{"id":1116,"date":"2024-03-27T11:58:30","date_gmt":"2024-03-27T15:58:30","guid":{"rendered":"https:\/\/www.distrocan.ca\/product\/fonte-plastique-acier-a-fonte-plastique-acier\/"},"modified":"2026-03-03T15:36:20","modified_gmt":"2026-03-03T20:36:20","slug":"fonte-plastique-acier-a-fonte-plastique-acier","status":"publish","type":"product","link":"https:\/\/www.distrocan.ca\/fr\/produit\/fonte-plastique-acier-a-fonte-plastique-acier\/","title":{"rendered":"Fonte\/Plastique\/Acier \u00e0 Fonte\/Plastique\/Acier"},"content":{"rendered":"<p>Raccord en caoutchouc flexible, \u00e9tanche, r\u00e9sistant aux produits chimiques, aux rayons ultraviolets, \u00e0 la croissance de champignons et aux gaz d&#8217;\u00e9gout normaux.<\/p>\n<p>4&#8243; \u00e0 4&#8243; &#8211; 1056-44<br \/>\n5&#8243; \u00e0 5&#8243; &#8211; 1056-55<br \/>\n6&#8243; \u00e0 4&#8243; &#8211; 1056-64<br \/>\n6&#8243; \u00e0 6&#8243; &#8211; 1056-66<br \/>\n8&#8243; \u00e0 4&#8243; &#8211; 1056-84<br \/>\n8&#8243; \u00e0 6&#8243; &#8211; 1056-86<br \/>\n8&#8243; \u00e0 8&#8243; &#8211; 1056-88<\/p>\n<p>*** Veuillez appeler pour les prix, les prix varient en fonction de la quantit\u00e9 de commande.<\/p>\n","protected":false},"excerpt":{"rendered":"","protected":false},"featured_media":1111,"template":"","meta":[],"product_brand":[],"product_cat":[162,166],"product_tag":[],"class_list":{"0":"post-1116","1":"product","2":"type-product","3":"status-publish","4":"has-post-thumbnail","6":"product_cat-raccords","7":"product_cat-raccords-en-caoutchouc","8":"no-featured-image-padding","10":"first","11":"instock","12":"shipping-taxable","13":"product-type-simple"},"_links":{"self":[{"href":"https:\/\/www.distrocan.ca\/fr\/wp-json\/wp\/v2\/product\/1116","targetHints":{"allow":["GET"]}}],"collection":[{"href":"https:\/\/www.distrocan.ca\/fr\/wp-json\/wp\/v2\/product"}],"about":[{"href":"https:\/\/www.distrocan.ca\/fr\/wp-json\/wp\/v2\/types\/product"}],"wp:featuredmedia":[{"embeddable":true,"href":"https:\/\/www.distrocan.ca\/fr\/wp-json\/wp\/v2\/media\/1111"}],"wp:attachment":[{"href":"https:\/\/www.distrocan.ca\/fr\/wp-json\/wp\/v2\/media?parent=1116"}],"wp:term":[{"taxonomy":"product_brand","embeddable":true,"href":"https:\/\/www.distrocan.ca\/fr\/wp-json\/wp\/v2\/product_brand?post=1116"},{"taxonomy":"product_cat","embeddable":true,"href":"https:\/\/www.distrocan.ca\/fr\/wp-json\/wp\/v2\/product_cat?post=1116"},{"taxonomy":"product_tag","embeddable":true,"href":"https:\/\/www.distrocan.ca\/fr\/wp-json\/wp\/v2\/product_tag?post=1116"}],"curies":[{"name":"wp","href":"https:\/\/api.w.org\/{rel}","templated":true}]}}