{"id":1027,"date":"2024-03-26T15:04:53","date_gmt":"2024-03-26T19:04:53","guid":{"rendered":"https:\/\/www.distrocan.ca\/product\/4-adaptateur-universel-de-drain\/"},"modified":"2025-02-24T14:56:00","modified_gmt":"2025-02-24T19:56:00","slug":"4-adaptateur-universel-de-drain","status":"publish","type":"product","link":"https:\/\/www.distrocan.ca\/fr\/produit\/4-adaptateur-universel-de-drain\/","title":{"rendered":"4&#8243; Adaptateur Universel de Drain"},"content":{"rendered":"<p>Connecte un tuyau PVC m\u00e2le de 4&#8221; \u00e0 un adaptateur de tuyau PEHD m\u00e2le de 4&#8221;.<\/p>\n","protected":false},"excerpt":{"rendered":"","protected":false},"featured_media":1026,"template":"","meta":[],"product_brand":[],"product_cat":[163,162],"product_tag":[],"class_list":{"0":"post-1027","1":"product","2":"type-product","3":"status-publish","4":"has-post-thumbnail","6":"product_cat-pehd-fr","7":"product_cat-raccords","8":"no-featured-image-padding","10":"first","11":"instock","12":"shipping-taxable","13":"product-type-simple"},"_links":{"self":[{"href":"https:\/\/www.distrocan.ca\/fr\/wp-json\/wp\/v2\/product\/1027","targetHints":{"allow":["GET"]}}],"collection":[{"href":"https:\/\/www.distrocan.ca\/fr\/wp-json\/wp\/v2\/product"}],"about":[{"href":"https:\/\/www.distrocan.ca\/fr\/wp-json\/wp\/v2\/types\/product"}],"wp:featuredmedia":[{"embeddable":true,"href":"https:\/\/www.distrocan.ca\/fr\/wp-json\/wp\/v2\/media\/1026"}],"wp:attachment":[{"href":"https:\/\/www.distrocan.ca\/fr\/wp-json\/wp\/v2\/media?parent=1027"}],"wp:term":[{"taxonomy":"product_brand","embeddable":true,"href":"https:\/\/www.distrocan.ca\/fr\/wp-json\/wp\/v2\/product_brand?post=1027"},{"taxonomy":"product_cat","embeddable":true,"href":"https:\/\/www.distrocan.ca\/fr\/wp-json\/wp\/v2\/product_cat?post=1027"},{"taxonomy":"product_tag","embeddable":true,"href":"https:\/\/www.distrocan.ca\/fr\/wp-json\/wp\/v2\/product_tag?post=1027"}],"curies":[{"name":"wp","href":"https:\/\/api.w.org\/{rel}","templated":true}]}}