{"id":1010,"date":"2024-03-26T14:47:18","date_gmt":"2024-03-26T18:47:18","guid":{"rendered":"https:\/\/www.distrocan.ca\/product\/4-cheminee-dacces\/"},"modified":"2026-03-03T15:38:00","modified_gmt":"2026-03-03T20:38:00","slug":"4-cheminee-dacces","status":"publish","type":"product","link":"https:\/\/www.distrocan.ca\/fr\/produit\/4-cheminee-dacces\/","title":{"rendered":"4&#8243; Chemin\u00e9e D&#8217;acc\u00e8s"},"content":{"rendered":"<p>Chemin\u00e9e d&#8217;acc\u00e8s bouchons non inclus<br \/>\nCode : 830004<\/p>\n<p>Bouchons de 4&#8243; pour chemin\u00e9e de nettoyage + Joints d&#8217;\u00e9tanch\u00e9it\u00e9 inclus<br \/>\nCode : 2B100CG<\/p>\n","protected":false},"excerpt":{"rendered":"","protected":false},"featured_media":1009,"template":"","meta":[],"product_brand":[],"product_cat":[163,162],"product_tag":[],"class_list":{"0":"post-1010","1":"product","2":"type-product","3":"status-publish","4":"has-post-thumbnail","6":"product_cat-pehd-fr","7":"product_cat-raccords","8":"no-featured-image-padding","10":"first","11":"instock","12":"shipping-taxable","13":"product-type-simple"},"_links":{"self":[{"href":"https:\/\/www.distrocan.ca\/fr\/wp-json\/wp\/v2\/product\/1010","targetHints":{"allow":["GET"]}}],"collection":[{"href":"https:\/\/www.distrocan.ca\/fr\/wp-json\/wp\/v2\/product"}],"about":[{"href":"https:\/\/www.distrocan.ca\/fr\/wp-json\/wp\/v2\/types\/product"}],"wp:featuredmedia":[{"embeddable":true,"href":"https:\/\/www.distrocan.ca\/fr\/wp-json\/wp\/v2\/media\/1009"}],"wp:attachment":[{"href":"https:\/\/www.distrocan.ca\/fr\/wp-json\/wp\/v2\/media?parent=1010"}],"wp:term":[{"taxonomy":"product_brand","embeddable":true,"href":"https:\/\/www.distrocan.ca\/fr\/wp-json\/wp\/v2\/product_brand?post=1010"},{"taxonomy":"product_cat","embeddable":true,"href":"https:\/\/www.distrocan.ca\/fr\/wp-json\/wp\/v2\/product_cat?post=1010"},{"taxonomy":"product_tag","embeddable":true,"href":"https:\/\/www.distrocan.ca\/fr\/wp-json\/wp\/v2\/product_tag?post=1010"}],"curies":[{"name":"wp","href":"https:\/\/api.w.org\/{rel}","templated":true}]}}